{"id":11921,"date":"2023-11-21T16:16:56","date_gmt":"2023-11-21T16:16:56","guid":{"rendered":"https:\/\/www.dcs.ch\/?page_id=11921"},"modified":"2025-03-05T12:42:11","modified_gmt":"2025-03-05T12:42:11","slug":"partenaires","status":"publish","type":"page","link":"https:\/\/www.dcs.ch\/fr\/partenaires\/","title":{"rendered":"Partenaires"},"content":{"rendered":"\t\t<div data-elementor-type=\"wp-page\" data-elementor-id=\"11921\" class=\"elementor elementor-11921\" data-elementor-post-type=\"page\">\n\t\t\t\t<div class=\"elementor-element elementor-element-ea86043 e-con-full e-flex e-con e-parent\" data-id=\"ea86043\" data-element_type=\"container\" data-e-type=\"container\" data-settings=\"{&quot;background_background&quot;:&quot;classic&quot;}\">\n\t\t\t\t<div class=\"elementor-element elementor-element-180fac0a elementor-widget elementor-widget-heading\" data-id=\"180fac0a\" data-element_type=\"widget\" data-e-type=\"widget\" data-widget_type=\"heading.default\">\n\t\t\t\t<div class=\"elementor-widget-container\">\n\t\t\t\t\t<h1 class=\"elementor-heading-title elementor-size-default\">NOS PARTENAIRES DE CONFIANCE :\nUNE COLLABORATION EFFICACE<\/h1>\t\t\t\t<\/div>\n\t\t\t\t<\/div>\n\t\t\t\t<div class=\"elementor-element elementor-element-7e774a56 elementor-widget__width-initial elementor-widget-mobile__width-inherit elementor-widget elementor-widget-text-editor\" data-id=\"7e774a56\" data-element_type=\"widget\" data-e-type=\"widget\" data-widget_type=\"text-editor.default\">\n\t\t\t\t<div class=\"elementor-widget-container\">\n\t\t\t\t\t\t\t\t\t<p>Nos partenariats, v\u00e9ritables le socles de notre succ\u00e8s, nous permettent d\u2019unir nos forces pour innover et exceller ensemble.. <br \/><br \/>Chaque collaboration est ancr\u00e9e dans la confiance mutuelle, cr\u00e9ant un \u00e9cosyst\u00e8me d&rsquo;opportunit\u00e9s et de croissance.<\/p>\t\t\t\t\t\t\t\t<\/div>\n\t\t\t\t<\/div>\n\t\t\t\t<div class=\"elementor-element elementor-element-4a8605c5 elementor-mobile-align-center elementor-invisible elementor-widget elementor-widget-button\" data-id=\"4a8605c5\" data-element_type=\"widget\" data-e-type=\"widget\" data-settings=\"{&quot;_animation&quot;:&quot;fadeInUp&quot;}\" data-widget_type=\"button.default\">\n\t\t\t\t<div class=\"elementor-widget-container\">\n\t\t\t\t\t\t\t\t\t<div class=\"elementor-button-wrapper\">\n\t\t\t\t\t<a class=\"elementor-button elementor-button-link elementor-size-sm elementor-animation-grow\" href=\"#section_partenaires\">\n\t\t\t\t\t\t<span class=\"elementor-button-content-wrapper\">\n\t\t\t\t\t\t\t\t\t<span class=\"elementor-button-text\">D\u00c9COUVRIR NOS PARTENAIRES<\/span>\n\t\t\t\t\t<\/span>\n\t\t\t\t\t<\/a>\n\t\t\t\t<\/div>\n\t\t\t\t\t\t\t\t<\/div>\n\t\t\t\t<\/div>\n\t\t\t\t<\/div>\n\t\t<div class=\"elementor-element elementor-element-b20fbe1 e-flex e-con-boxed e-con e-parent\" data-id=\"b20fbe1\" data-element_type=\"container\" data-e-type=\"container\" id=\"section_partenaires\">\n\t\t\t\t\t<div class=\"e-con-inner\">\n\t\t\t\t<div class=\"elementor-element elementor-element-e17408e elementor-widget elementor-widget-heading\" data-id=\"e17408e\" data-element_type=\"widget\" data-e-type=\"widget\" data-widget_type=\"heading.default\">\n\t\t\t\t<div class=\"elementor-widget-container\">\n\t\t\t\t\t<h2 class=\"elementor-heading-title elementor-size-default\">NOS FOURNISSEURS PARTENAIRES<\/h2>\t\t\t\t<\/div>\n\t\t\t\t<\/div>\n\t\t\t\t\t<\/div>\n\t\t\t\t<\/div>\n\t\t<div class=\"elementor-element elementor-element-d221c14 e-flex e-con-boxed elementor-invisible e-con e-parent\" data-id=\"d221c14\" data-element_type=\"container\" data-e-type=\"container\" data-settings=\"{&quot;background_background&quot;:&quot;classic&quot;,&quot;animation&quot;:&quot;fadeIn&quot;}\">\n\t\t\t\t\t<div class=\"e-con-inner\">\n\t\t<div class=\"elementor-element elementor-element-be0d95a e-con-full e-flex e-con e-child\" data-id=\"be0d95a\" data-element_type=\"container\" data-e-type=\"container\">\n\t\t\t\t<div class=\"elementor-element elementor-element-4d394e4 elementor-widget elementor-widget-image\" data-id=\"4d394e4\" data-element_type=\"widget\" data-e-type=\"widget\" data-widget_type=\"image.default\">\n\t\t\t\t<div class=\"elementor-widget-container\">\n\t\t\t\t\t\t\t\t\t\t\t\t\t\t\t\t<a href=\"https:\/\/www.dell.com\/fr-ch\">\n\t\t\t\t\t\t\t<img decoding=\"async\" width=\"200\" height=\"200\" src=\"https:\/\/www.dcs.ch\/wp-content\/uploads\/2023\/11\/Dell-logo-2023-11-21_16-30-41_820120.jpg\" class=\"attachment-large size-large wp-image-11931\" alt=\"\" srcset=\"https:\/\/www.dcs.ch\/wp-content\/uploads\/2023\/11\/Dell-logo-2023-11-21_16-30-41_820120.jpg 200w, https:\/\/www.dcs.ch\/wp-content\/uploads\/2023\/11\/Dell-logo-2023-11-21_16-30-41_820120-150x150.jpg 150w, https:\/\/www.dcs.ch\/wp-content\/uploads\/2023\/11\/Dell-logo-2023-11-21_16-30-41_820120-12x12.jpg 12w, https:\/\/www.dcs.ch\/wp-content\/uploads\/2023\/11\/Dell-logo-2023-11-21_16-30-41_820120-50x50.jpg 50w, https:\/\/www.dcs.ch\/wp-content\/uploads\/2023\/11\/Dell-logo-2023-11-21_16-30-41_820120-80x80.jpg 80w, https:\/\/www.dcs.ch\/wp-content\/uploads\/2023\/11\/Dell-logo-2023-11-21_16-30-41_820120-75x75.jpg 75w\" sizes=\"(max-width: 200px) 100vw, 200px\" \/>\t\t\t\t\t\t\t\t<\/a>\n\t\t\t\t\t\t\t\t\t\t\t\t\t\t\t<\/div>\n\t\t\t\t<\/div>\n\t\t\t\t<\/div>\n\t\t<div class=\"elementor-element elementor-element-a12feca e-con-full e-flex e-con e-child\" data-id=\"a12feca\" data-element_type=\"container\" data-e-type=\"container\">\n\t\t\t\t<div class=\"elementor-element elementor-element-cd31ba4 elementor-widget elementor-widget-image\" data-id=\"cd31ba4\" data-element_type=\"widget\" data-e-type=\"widget\" data-widget_type=\"image.default\">\n\t\t\t\t<div class=\"elementor-widget-container\">\n\t\t\t\t\t\t\t\t\t\t\t\t\t\t\t\t<a href=\"https:\/\/alltron.ch\/fr\/\">\n\t\t\t\t\t\t\t<img decoding=\"async\" width=\"200\" height=\"200\" src=\"https:\/\/www.dcs.ch\/wp-content\/uploads\/2023\/11\/Alltron-logo-2023-11-21_16-31-14_230814.jpg\" class=\"attachment-large size-large wp-image-11932\" alt=\"\" srcset=\"https:\/\/www.dcs.ch\/wp-content\/uploads\/2023\/11\/Alltron-logo-2023-11-21_16-31-14_230814.jpg 200w, https:\/\/www.dcs.ch\/wp-content\/uploads\/2023\/11\/Alltron-logo-2023-11-21_16-31-14_230814-150x150.jpg 150w, https:\/\/www.dcs.ch\/wp-content\/uploads\/2023\/11\/Alltron-logo-2023-11-21_16-31-14_230814-12x12.jpg 12w, https:\/\/www.dcs.ch\/wp-content\/uploads\/2023\/11\/Alltron-logo-2023-11-21_16-31-14_230814-50x50.jpg 50w, https:\/\/www.dcs.ch\/wp-content\/uploads\/2023\/11\/Alltron-logo-2023-11-21_16-31-14_230814-80x80.jpg 80w, https:\/\/www.dcs.ch\/wp-content\/uploads\/2023\/11\/Alltron-logo-2023-11-21_16-31-14_230814-75x75.jpg 75w\" sizes=\"(max-width: 200px) 100vw, 200px\" \/>\t\t\t\t\t\t\t\t<\/a>\n\t\t\t\t\t\t\t\t\t\t\t\t\t\t\t<\/div>\n\t\t\t\t<\/div>\n\t\t\t\t<\/div>\n\t\t<div class=\"elementor-element elementor-element-c6cc015 e-con-full e-flex e-con e-child\" data-id=\"c6cc015\" data-element_type=\"container\" data-e-type=\"container\">\n\t\t\t\t<div class=\"elementor-element elementor-element-e64307d elementor-widget elementor-widget-image\" data-id=\"e64307d\" data-element_type=\"widget\" data-e-type=\"widget\" data-widget_type=\"image.default\">\n\t\t\t\t<div class=\"elementor-widget-container\">\n\t\t\t\t\t\t\t\t\t\t\t\t\t\t\t\t<a href=\"https:\/\/www.axius.ch\/\">\n\t\t\t\t\t\t\t<img decoding=\"async\" width=\"200\" height=\"200\" src=\"https:\/\/www.dcs.ch\/wp-content\/uploads\/2023\/11\/axius-logo-2023-11-21_16-31-58_206193.jpg\" class=\"attachment-large size-large wp-image-11933\" alt=\"\" srcset=\"https:\/\/www.dcs.ch\/wp-content\/uploads\/2023\/11\/axius-logo-2023-11-21_16-31-58_206193.jpg 200w, https:\/\/www.dcs.ch\/wp-content\/uploads\/2023\/11\/axius-logo-2023-11-21_16-31-58_206193-150x150.jpg 150w, https:\/\/www.dcs.ch\/wp-content\/uploads\/2023\/11\/axius-logo-2023-11-21_16-31-58_206193-12x12.jpg 12w, https:\/\/www.dcs.ch\/wp-content\/uploads\/2023\/11\/axius-logo-2023-11-21_16-31-58_206193-50x50.jpg 50w, https:\/\/www.dcs.ch\/wp-content\/uploads\/2023\/11\/axius-logo-2023-11-21_16-31-58_206193-80x80.jpg 80w, https:\/\/www.dcs.ch\/wp-content\/uploads\/2023\/11\/axius-logo-2023-11-21_16-31-58_206193-75x75.jpg 75w\" sizes=\"(max-width: 200px) 100vw, 200px\" \/>\t\t\t\t\t\t\t\t<\/a>\n\t\t\t\t\t\t\t\t\t\t\t\t\t\t\t<\/div>\n\t\t\t\t<\/div>\n\t\t\t\t<\/div>\n\t\t<div class=\"elementor-element elementor-element-7b3512b e-con-full e-flex e-con e-child\" data-id=\"7b3512b\" data-element_type=\"container\" data-e-type=\"container\">\n\t\t\t\t<div class=\"elementor-element elementor-element-cde836a elementor-widget elementor-widget-image\" data-id=\"cde836a\" data-element_type=\"widget\" data-e-type=\"widget\" data-widget_type=\"image.default\">\n\t\t\t\t<div class=\"elementor-widget-container\">\n\t\t\t\t\t\t\t\t\t\t\t\t\t\t\t\t<a href=\"https:\/\/partner.microsoft.com\/fr-FR\/\">\n\t\t\t\t\t\t\t<img loading=\"lazy\" decoding=\"async\" width=\"200\" height=\"200\" src=\"https:\/\/www.dcs.ch\/wp-content\/uploads\/2023\/11\/microsoft-logo-2023-11-21_16-33-13_098458.jpg\" class=\"attachment-large size-large wp-image-11937\" alt=\"\" srcset=\"https:\/\/www.dcs.ch\/wp-content\/uploads\/2023\/11\/microsoft-logo-2023-11-21_16-33-13_098458.jpg 200w, https:\/\/www.dcs.ch\/wp-content\/uploads\/2023\/11\/microsoft-logo-2023-11-21_16-33-13_098458-150x150.jpg 150w, https:\/\/www.dcs.ch\/wp-content\/uploads\/2023\/11\/microsoft-logo-2023-11-21_16-33-13_098458-12x12.jpg 12w, https:\/\/www.dcs.ch\/wp-content\/uploads\/2023\/11\/microsoft-logo-2023-11-21_16-33-13_098458-50x50.jpg 50w, https:\/\/www.dcs.ch\/wp-content\/uploads\/2023\/11\/microsoft-logo-2023-11-21_16-33-13_098458-80x80.jpg 80w, https:\/\/www.dcs.ch\/wp-content\/uploads\/2023\/11\/microsoft-logo-2023-11-21_16-33-13_098458-75x75.jpg 75w\" sizes=\"(max-width: 200px) 100vw, 200px\" \/>\t\t\t\t\t\t\t\t<\/a>\n\t\t\t\t\t\t\t\t\t\t\t\t\t\t\t<\/div>\n\t\t\t\t<\/div>\n\t\t\t\t<\/div>\n\t\t\t\t\t<\/div>\n\t\t\t\t<\/div>\n\t\t<div class=\"elementor-element elementor-element-830539f e-flex e-con-boxed elementor-invisible e-con e-parent\" data-id=\"830539f\" data-element_type=\"container\" data-e-type=\"container\" data-settings=\"{&quot;background_background&quot;:&quot;classic&quot;,&quot;animation&quot;:&quot;fadeIn&quot;}\">\n\t\t\t\t\t<div class=\"e-con-inner\">\n\t\t<div class=\"elementor-element elementor-element-3dace61 e-con-full e-flex e-con e-child\" data-id=\"3dace61\" data-element_type=\"container\" data-e-type=\"container\">\n\t\t\t\t<div class=\"elementor-element elementor-element-1de0a34 elementor-widget elementor-widget-image\" data-id=\"1de0a34\" data-element_type=\"widget\" data-e-type=\"widget\" data-widget_type=\"image.default\">\n\t\t\t\t<div class=\"elementor-widget-container\">\n\t\t\t\t\t\t\t\t\t\t\t\t\t\t\t\t<a href=\"https:\/\/www.veeam.com\/fr\">\n\t\t\t\t\t\t\t<img loading=\"lazy\" decoding=\"async\" width=\"200\" height=\"200\" src=\"https:\/\/www.dcs.ch\/wp-content\/uploads\/2023\/11\/veeam-logo-v2-2023-11-21_16-40-34_491918.jpg\" class=\"attachment-large size-large wp-image-11946\" alt=\"\" srcset=\"https:\/\/www.dcs.ch\/wp-content\/uploads\/2023\/11\/veeam-logo-v2-2023-11-21_16-40-34_491918.jpg 200w, https:\/\/www.dcs.ch\/wp-content\/uploads\/2023\/11\/veeam-logo-v2-2023-11-21_16-40-34_491918-150x150.jpg 150w, https:\/\/www.dcs.ch\/wp-content\/uploads\/2023\/11\/veeam-logo-v2-2023-11-21_16-40-34_491918-12x12.jpg 12w, https:\/\/www.dcs.ch\/wp-content\/uploads\/2023\/11\/veeam-logo-v2-2023-11-21_16-40-34_491918-50x50.jpg 50w, https:\/\/www.dcs.ch\/wp-content\/uploads\/2023\/11\/veeam-logo-v2-2023-11-21_16-40-34_491918-80x80.jpg 80w, https:\/\/www.dcs.ch\/wp-content\/uploads\/2023\/11\/veeam-logo-v2-2023-11-21_16-40-34_491918-75x75.jpg 75w\" sizes=\"(max-width: 200px) 100vw, 200px\" \/>\t\t\t\t\t\t\t\t<\/a>\n\t\t\t\t\t\t\t\t\t\t\t\t\t\t\t<\/div>\n\t\t\t\t<\/div>\n\t\t\t\t<\/div>\n\t\t<div class=\"elementor-element elementor-element-493f56d e-con-full e-flex e-con e-child\" data-id=\"493f56d\" data-element_type=\"container\" data-e-type=\"container\">\n\t\t\t\t<div class=\"elementor-element elementor-element-ddd72f1 elementor-widget elementor-widget-image\" data-id=\"ddd72f1\" data-element_type=\"widget\" data-e-type=\"widget\" data-widget_type=\"image.default\">\n\t\t\t\t<div class=\"elementor-widget-container\">\n\t\t\t\t\t\t\t\t\t\t\t\t\t\t\t\t<a href=\"https:\/\/www.techdata.com\/us\/en.html\">\n\t\t\t\t\t\t\t<img loading=\"lazy\" decoding=\"async\" width=\"200\" height=\"200\" src=\"https:\/\/www.dcs.ch\/wp-content\/uploads\/2023\/11\/tech-data-logo-2023-11-21_16-40-59_425277.jpg\" class=\"attachment-large size-large wp-image-11947\" alt=\"\" srcset=\"https:\/\/www.dcs.ch\/wp-content\/uploads\/2023\/11\/tech-data-logo-2023-11-21_16-40-59_425277.jpg 200w, https:\/\/www.dcs.ch\/wp-content\/uploads\/2023\/11\/tech-data-logo-2023-11-21_16-40-59_425277-150x150.jpg 150w, https:\/\/www.dcs.ch\/wp-content\/uploads\/2023\/11\/tech-data-logo-2023-11-21_16-40-59_425277-12x12.jpg 12w, https:\/\/www.dcs.ch\/wp-content\/uploads\/2023\/11\/tech-data-logo-2023-11-21_16-40-59_425277-50x50.jpg 50w, https:\/\/www.dcs.ch\/wp-content\/uploads\/2023\/11\/tech-data-logo-2023-11-21_16-40-59_425277-80x80.jpg 80w, https:\/\/www.dcs.ch\/wp-content\/uploads\/2023\/11\/tech-data-logo-2023-11-21_16-40-59_425277-75x75.jpg 75w\" sizes=\"(max-width: 200px) 100vw, 200px\" \/>\t\t\t\t\t\t\t\t<\/a>\n\t\t\t\t\t\t\t\t\t\t\t\t\t\t\t<\/div>\n\t\t\t\t<\/div>\n\t\t\t\t<\/div>\n\t\t<div class=\"elementor-element elementor-element-7c3645d e-con-full e-flex e-con e-child\" data-id=\"7c3645d\" data-element_type=\"container\" data-e-type=\"container\">\n\t\t\t\t<div class=\"elementor-element elementor-element-39a43f3 elementor-widget elementor-widget-image\" data-id=\"39a43f3\" data-element_type=\"widget\" data-e-type=\"widget\" data-widget_type=\"image.default\">\n\t\t\t\t<div class=\"elementor-widget-container\">\n\t\t\t\t\t\t\t\t\t\t\t\t\t\t\t\t<a href=\"https:\/\/www.supag.shop\/?Lng=fr\">\n\t\t\t\t\t\t\t<img loading=\"lazy\" decoding=\"async\" width=\"200\" height=\"200\" src=\"https:\/\/www.dcs.ch\/wp-content\/uploads\/2023\/11\/supag-logo-2023-11-21_16-41-28_885192.jpg\" class=\"attachment-large size-large wp-image-11948\" alt=\"\" srcset=\"https:\/\/www.dcs.ch\/wp-content\/uploads\/2023\/11\/supag-logo-2023-11-21_16-41-28_885192.jpg 200w, https:\/\/www.dcs.ch\/wp-content\/uploads\/2023\/11\/supag-logo-2023-11-21_16-41-28_885192-150x150.jpg 150w, https:\/\/www.dcs.ch\/wp-content\/uploads\/2023\/11\/supag-logo-2023-11-21_16-41-28_885192-12x12.jpg 12w, https:\/\/www.dcs.ch\/wp-content\/uploads\/2023\/11\/supag-logo-2023-11-21_16-41-28_885192-50x50.jpg 50w, https:\/\/www.dcs.ch\/wp-content\/uploads\/2023\/11\/supag-logo-2023-11-21_16-41-28_885192-80x80.jpg 80w, https:\/\/www.dcs.ch\/wp-content\/uploads\/2023\/11\/supag-logo-2023-11-21_16-41-28_885192-75x75.jpg 75w\" sizes=\"(max-width: 200px) 100vw, 200px\" \/>\t\t\t\t\t\t\t\t<\/a>\n\t\t\t\t\t\t\t\t\t\t\t\t\t\t\t<\/div>\n\t\t\t\t<\/div>\n\t\t\t\t<\/div>\n\t\t<div class=\"elementor-element elementor-element-cc94251 e-con-full elementor-hidden-tablet elementor-hidden-mobile e-flex e-con e-child\" data-id=\"cc94251\" data-element_type=\"container\" data-e-type=\"container\">\n\t\t\t\t<div class=\"elementor-element elementor-element-1a7bf68 elementor-widget elementor-widget-image\" data-id=\"1a7bf68\" data-element_type=\"widget\" data-e-type=\"widget\" data-widget_type=\"image.default\">\n\t\t\t\t<div class=\"elementor-widget-container\">\n\t\t\t\t\t\t\t\t\t\t\t\t\t\t\t\t<a href=\"https:\/\/www.infomaniak.com\/gotopartner\/fr\/48424\">\n\t\t\t\t\t\t\t<img loading=\"lazy\" decoding=\"async\" width=\"370\" height=\"132\" src=\"https:\/\/www.dcs.ch\/wp-content\/uploads\/2025\/03\/infomania-partner-logo-2025-03-05_12-41-40_045546.png\" class=\"attachment-large size-large wp-image-13727\" alt=\"\" srcset=\"https:\/\/www.dcs.ch\/wp-content\/uploads\/2025\/03\/infomania-partner-logo-2025-03-05_12-41-40_045546.png 370w, https:\/\/www.dcs.ch\/wp-content\/uploads\/2025\/03\/infomania-partner-logo-2025-03-05_12-41-40_045546-300x107.png 300w, https:\/\/www.dcs.ch\/wp-content\/uploads\/2025\/03\/infomania-partner-logo-2025-03-05_12-41-40_045546-18x6.png 18w\" sizes=\"(max-width: 370px) 100vw, 370px\" \/>\t\t\t\t\t\t\t\t<\/a>\n\t\t\t\t\t\t\t\t\t\t\t\t\t\t\t<\/div>\n\t\t\t\t<\/div>\n\t\t\t\t<\/div>\n\t\t\t\t\t<\/div>\n\t\t\t\t<\/div>\n\t\t\t\t<\/div>\n\t\t","protected":false},"excerpt":{"rendered":"<p>NOS PARTENAIRES DE CONFIANCE : UNE COLLABORATION EFFICACE Nos partenariats, v\u00e9ritables le socles de notre succ\u00e8s, nous permettent d\u2019unir nos forces pour innover et exceller ensemble.. Chaque collaboration est ancr\u00e9e dans la confiance mutuelle, cr\u00e9ant un \u00e9cosyst\u00e8me d&rsquo;opportunit\u00e9s et de croissance. D\u00c9COUVRIR NOS PARTENAIRES NOS FOURNISSEURS PARTENAIRES<\/p>\n","protected":false},"author":16,"featured_media":0,"parent":0,"menu_order":0,"comment_status":"closed","ping_status":"closed","template":"elementor_header_footer","meta":{"inline_featured_image":false,"_exactmetrics_skip_tracking":false,"_exactmetrics_sitenote_active":false,"_exactmetrics_sitenote_note":"","_exactmetrics_sitenote_category":0,"site-sidebar-layout":"default","site-content-layout":"","ast-site-content-layout":"default","site-content-style":"default","site-sidebar-style":"default","ast-global-header-display":"","ast-banner-title-visibility":"","ast-main-header-display":"","ast-hfb-above-header-display":"","ast-hfb-below-header-display":"","ast-hfb-mobile-header-display":"","site-post-title":"","ast-breadcrumbs-content":"","ast-featured-img":"","footer-sml-layout":"","ast-disable-related-posts":"","theme-transparent-header-meta":"","adv-header-id-meta":"","stick-header-meta":"","header-above-stick-meta":"","header-main-stick-meta":"","header-below-stick-meta":"","astra-migrate-meta-layouts":"default","ast-page-background-enabled":"default","ast-page-background-meta":{"desktop":{"background-color":"var(--ast-global-color-4)","background-image":"","background-repeat":"repeat","background-position":"center center","background-size":"auto","background-attachment":"scroll","background-type":"","background-media":"","overlay-type":"","overlay-color":"","overlay-opacity":"","overlay-gradient":""},"tablet":{"background-color":"","background-image":"","background-repeat":"repeat","background-position":"center center","background-size":"auto","background-attachment":"scroll","background-type":"","background-media":"","overlay-type":"","overlay-color":"","overlay-opacity":"","overlay-gradient":""},"mobile":{"background-color":"","background-image":"","background-repeat":"repeat","background-position":"center center","background-size":"auto","background-attachment":"scroll","background-type":"","background-media":"","overlay-type":"","overlay-color":"","overlay-opacity":"","overlay-gradient":""}},"ast-content-background-meta":{"desktop":{"background-color":"var(--ast-global-color-5)","background-image":"","background-repeat":"repeat","background-position":"center center","background-size":"auto","background-attachment":"scroll","background-type":"","background-media":"","overlay-type":"","overlay-color":"","overlay-opacity":"","overlay-gradient":""},"tablet":{"background-color":"var(--ast-global-color-5)","background-image":"","background-repeat":"repeat","background-position":"center center","background-size":"auto","background-attachment":"scroll","background-type":"","background-media":"","overlay-type":"","overlay-color":"","overlay-opacity":"","overlay-gradient":""},"mobile":{"background-color":"var(--ast-global-color-5)","background-image":"","background-repeat":"repeat","background-position":"center center","background-size":"auto","background-attachment":"scroll","background-type":"","background-media":"","overlay-type":"","overlay-color":"","overlay-opacity":"","overlay-gradient":""}},"footnotes":""},"class_list":["post-11921","page","type-page","status-publish","hentry"],"_links":{"self":[{"href":"https:\/\/www.dcs.ch\/fr\/wp-json\/wp\/v2\/pages\/11921","targetHints":{"allow":["GET"]}}],"collection":[{"href":"https:\/\/www.dcs.ch\/fr\/wp-json\/wp\/v2\/pages"}],"about":[{"href":"https:\/\/www.dcs.ch\/fr\/wp-json\/wp\/v2\/types\/page"}],"author":[{"embeddable":true,"href":"https:\/\/www.dcs.ch\/fr\/wp-json\/wp\/v2\/users\/16"}],"replies":[{"embeddable":true,"href":"https:\/\/www.dcs.ch\/fr\/wp-json\/wp\/v2\/comments?post=11921"}],"version-history":[{"count":37,"href":"https:\/\/www.dcs.ch\/fr\/wp-json\/wp\/v2\/pages\/11921\/revisions"}],"predecessor-version":[{"id":13730,"href":"https:\/\/www.dcs.ch\/fr\/wp-json\/wp\/v2\/pages\/11921\/revisions\/13730"}],"wp:attachment":[{"href":"https:\/\/www.dcs.ch\/fr\/wp-json\/wp\/v2\/media?parent=11921"}],"curies":[{"name":"wp","href":"https:\/\/api.w.org\/{rel}","templated":true}]}}