{"id":11717,"date":"2023-11-20T17:18:28","date_gmt":"2023-11-20T17:18:28","guid":{"rendered":"https:\/\/www.dcs.ch\/?page_id=11717"},"modified":"2023-12-07T10:58:40","modified_gmt":"2023-12-07T10:58:40","slug":"cgv","status":"publish","type":"page","link":"https:\/\/www.dcs.ch\/fr\/cgv\/","title":{"rendered":"CGV"},"content":{"rendered":"\t\t<div data-elementor-type=\"wp-page\" data-elementor-id=\"11717\" class=\"elementor elementor-11717\" data-elementor-post-type=\"page\">\n\t\t\t\t<div class=\"elementor-element elementor-element-b20fbe1 e-flex e-con-boxed e-con e-parent\" data-id=\"b20fbe1\" data-element_type=\"container\" data-e-type=\"container\">\n\t\t\t\t\t<div class=\"e-con-inner\">\n\t\t\t\t<div class=\"elementor-element elementor-element-e17408e elementor-widget elementor-widget-heading\" data-id=\"e17408e\" data-element_type=\"widget\" data-e-type=\"widget\" data-widget_type=\"heading.default\">\n\t\t\t\t<div class=\"elementor-widget-container\">\n\t\t\t\t\t<h2 class=\"elementor-heading-title elementor-size-default\">CONDITIONS GENERALES DE VENTE\n<\/h2>\t\t\t\t<\/div>\n\t\t\t\t<\/div>\n\t\t\t\t\t<\/div>\n\t\t\t\t<\/div>\n\t\t<div class=\"elementor-element elementor-element-4ac4e06 e-flex e-con-boxed e-con e-parent\" data-id=\"4ac4e06\" data-element_type=\"container\" data-e-type=\"container\">\n\t\t\t\t\t<div class=\"e-con-inner\">\n\t\t\t\t<div class=\"elementor-element elementor-element-1d8e115 elementor-widget__width-inherit elementor-widget elementor-widget-text-editor\" data-id=\"1d8e115\" data-element_type=\"widget\" data-e-type=\"widget\" data-widget_type=\"text-editor.default\">\n\t\t\t\t<div class=\"elementor-widget-container\">\n\t\t\t\t\t\t\t\t\t<div class=\"content\"><div class=\"container\"><div class=\"row\"><div id=\"primary\" class=\"col-12 _mPS2id-t mPS2id-target mPS2id-target-first mPS2id-target-last\"><article id=\"post-6053\" class=\"post-6053 page type-page status-publish hentry\"><div class=\"post-content\"><h4 class=\"wp-block-heading\">D\u00e9finitions.<\/h4><p><strong><em>CGV<\/em>\u00a0<\/strong>: Conditions g\u00e9n\u00e9rales de vente<\/p><p><strong><em>DCS\u00a0<\/em><\/strong>: Data Conversion Service SA. Soci\u00e9t\u00e9 de prestations de services, bas\u00e9e en Suisse, \u00e0 Gen\u00e8ve au 48, route de Chancy \u2013 1213 Petit-Lancy<\/p><p><em><strong>Tiers\u00a0<\/strong>:<\/em>\u00a0Toute personne physique ou morale pouvant \u00eatre amen\u00e9e \u00e0 collaborer avec DCS.<\/p><p><strong><em>Client<\/em>\u00a0<\/strong>: Personne physique ou morale exploitant ou utilisant un service d\u00e9ploy\u00e9 par DCS<\/p><p><strong><em>Contrat<\/em>\u00a0<\/strong>: DCS et le client sont amen\u00e9s \u00e0 s\u2019entendre sur un contrat sp\u00e9cifique qui compl\u00e8te, \u00e9tend ou limite les CGV.<\/p><p>\u00a0<\/p><h4 class=\"wp-block-heading\">ARTICLE \u2013 1. OBJET &amp; DEFINITIONS<\/h4><p>Les pr\u00e9sentes conditions g\u00e9n\u00e9rales sont destin\u00e9es \u00e0 g\u00e9rer les relations commerciales entre Data Conversion Service SA et ses clients dans les domaines suivants :<\/p><ul><li><ul><li>Outsourcing informatique et administratif, prestations de services, infog\u00e9rance, service desk. Traitement de donn\u00e9es, num\u00e9risation, saisie de donn\u00e9es.<\/li><li>Recrutement de personnel IT et administratif, placement fixe et temporaire, d\u00e9l\u00e9gation de personnel, payrolling, placement de personnel en Suisse.<\/li><\/ul><\/li><\/ul><p>Ce document r\u00e9git les conditions g\u00e9n\u00e9rales, mais des conditions particuli\u00e8res peuvent compl\u00e9ter le dispositif l\u00e9gal des offres, limiter ou compl\u00e9ter les pr\u00e9sentes CGV (voir clauses particuli\u00e8res dans les contrats entre DCS et le client).<\/p><p>\u00a0<\/p><h4 class=\"wp-block-heading\">ARTICLE \u2013 2. SERVICE DESK \u2013 INFOGERANCE \u2013 OUTSOURCING ADMINISTRATIF ET IT \u2013 DELEGATION DE PERSONNEL \u2013 PLACEMENT DE PERSONNEL<\/h4><p><strong>a. Description<\/strong><\/p><p>DCS fournit \u00e0 ses clients des services d\u2019externalisation dans les domaines administratifs et informatiques. Le client et DCS s\u2019entendent sur un niveau de prestation de service \u2013 SLA \u2013 et signent un accord contractuel qui comprend des clauses sp\u00e9cifiques.<\/p><p><strong>b. Dur\u00e9e<\/strong><\/p><p>Les dates de commencement et les d\u00e9lais de r\u00e9alisation de services sont stipul\u00e9s dans le contrat sp\u00e9cifique.<\/p><p><strong>c. Honoraires<\/strong><\/p><p>Les honoraires et co\u00fbts des prestations sont indiqu\u00e9s dans le contrat sp\u00e9cifique et sont amen\u00e9es \u00e0 \u00eatre valid\u00e9es par la signature du client. Tous les tarifs s\u2019entendent en francs suisses, Hors TVA et autres taxes indirectes similaires. La TVA est support\u00e9e par le client. Sauf disposition contraire DCS adresse une facture \u00e0 chaque fin de mois et le paiement du client doit intervenir 30 jours suivant la date de facturation. En cas de retard de paiement DCS est en droit d\u2019appliquer des p\u00e9nalit\u00e9s de retard au taux l\u00e9gal en vigueur.<\/p><p><strong>d. Engagement de moyens<\/strong><\/p><p>DCS s\u2019engage \u00e0 mettre tout en \u0153uvre pour r\u00e9aliser sa mission et offrir au client la meilleure qualit\u00e9 de service. DCS s\u2019engage \u00e0 une obligation de moyens humains et techniques pour la r\u00e9alisation de ses prestations.<\/p><p><strong>e. R\u00e9siliation<\/strong><\/p><p>Sauf disposition contraire, tous les contrats sont r\u00e9put\u00e9s actifs et sont conclus pour une p\u00e9riode convenue renouvelable par tacite reconduction. Le client ou DCS peuvent r\u00e9silier le contrat en respectant un pr\u00e9avis de trois mois. Si une des parties r\u00e9silie elle doit le faire par lettre recommand\u00e9e.<\/p><p><strong>f. Acceptation<\/strong><\/p><p>Sauf disposition contraire, les services r\u00e9alis\u00e9s par DCS sont r\u00e9put\u00e9s accept\u00e9s et admis apr\u00e8s leur r\u00e9alisation. N\u00e9anmoins, le client peut faire valoir une r\u00e9clamation au plus tard 15 jours apr\u00e8s l\u2019ach\u00e8vement du service concernant la qualit\u00e9 de service, \u00e0 d\u00e9faut de quoi les services seront d\u00e9finitivement accept\u00e9s et ne seront plus sujets \u00e0 contestation.<\/p><p>\u00a0<\/p><h4 class=\"wp-block-heading\">ARTICLE \u2013 3. R\u00c9VISION DE PRIX<\/h4><p>Le prix sera r\u00e9vis\u00e9 chaque ann\u00e9e, sur la base de l\u2019indice des prix \u00e0 la consommation dans le Canton de Gen\u00e8ve, en cas d\u2019augmentation de ce dernier.<\/p><p>\u00a0<\/p><h4 class=\"wp-block-heading\">ARTICLE \u2013 4. CONFIDENTIALITE, SECRET PROFESSIONNEL<\/h4><p>DCS et le client s\u2019engagent \u00e0 ne divulguer aucune information confidentielle concernant l\u2019autre partie. DCS s\u2019engage \u00e0 respecter les donn\u00e9es confidentielles dans le cadre de sa mission chez le client.<\/p><p>DCS et son personnel consid\u00e8rent comme confidentielles toutes les informations qu\u2019ils auraient \u00e0 conna\u00eetre par suite des travaux effectu\u00e9s pour le compte du client et s\u2019engagent \u00e0 ne pas divulguer \u00e0 des tiers le contenu des informations qu\u2019ils traitent ou dont ils auraient pris connaissance de par leurs activit\u00e9s pour le client.<\/p><p>\u00a0<\/p><h4 class=\"wp-block-heading\">ARTICLE \u2013 5. PROPRIETE INTELLECTUELLE<\/h4><p>Tous les droits relatifs \u00e0 la propri\u00e9t\u00e9 intellectuelle sur les d\u00e9veloppements ou sur les r\u00e9sultats des travaux ex\u00e9cut\u00e9s dans le cadre d\u2019un contrat, en collaboration ou non avec les employ\u00e9s du client, restent propri\u00e9t\u00e9 exclusive du client apr\u00e8s paiement des factures.<\/p><p>\u00a0<\/p><h4 class=\"wp-block-heading\">ARTICLE \u2013 6. REFERENCES<\/h4><p>DCS autorise le client \u00e0 utiliser son nom et son logo dans sa liste de r\u00e9f\u00e9rence.<\/p><p>Sauf disposition contraire \u00e9manant express\u00e9ment du client, celui-ci autorise DCS \u00e0 utiliser son nom et son logo dans sa liste de r\u00e9f\u00e9rence et sur son site web (rubrique partenaires).<\/p><p>\u00a0<\/p><h4 class=\"wp-block-heading\">ARTICLE \u2013 7. FOR ET DROIT APPLICABLE<\/h4><p>Le pr\u00e9sent contrat est soumis exclusivement au droit Suisse. Le for juridique est sis \u00e0 Gen\u00e8ve dans le canton de Gen\u00e8ve.<\/p><p>\u00a0<\/p><\/div><\/article><\/div><\/div><\/div><\/div><footer class=\"footer\" role=\"contentinfo\"><div class=\"container\"><div class=\"footer-widgets\"><div class=\"row\"><div class=\"col-sm-12 col-md-6 col-xl-3\"><div id=\"widget-box-contact-info-widget-3\" class=\"widget widget-box widget-box-contact-info\"><div class=\"widget-content\"><div class=\"widget-before-title\">\u00a0<\/div><\/div><\/div><\/div><\/div><\/div><\/div><\/footer>\t\t\t\t\t\t\t\t<\/div>\n\t\t\t\t<\/div>\n\t\t\t\t\t<\/div>\n\t\t\t\t<\/div>\n\t\t\t\t<\/div>\n\t\t","protected":false},"excerpt":{"rendered":"<p>CONDITIONS GENERALES DE VENTE D\u00e9finitions. CGV\u00a0: Conditions g\u00e9n\u00e9rales de vente DCS\u00a0: Data Conversion Service SA. Soci\u00e9t\u00e9 de prestations de services, bas\u00e9e en Suisse, \u00e0 Gen\u00e8ve au 48, route de Chancy \u2013 1213 Petit-Lancy Tiers\u00a0:\u00a0Toute personne physique ou morale pouvant \u00eatre amen\u00e9e \u00e0 collaborer avec DCS. Client\u00a0: Personne physique ou morale exploitant ou utilisant un service [&hellip;]<\/p>\n","protected":false},"author":16,"featured_media":0,"parent":0,"menu_order":0,"comment_status":"closed","ping_status":"closed","template":"elementor_header_footer","meta":{"inline_featured_image":false,"_exactmetrics_skip_tracking":false,"_exactmetrics_sitenote_active":false,"_exactmetrics_sitenote_note":"","_exactmetrics_sitenote_category":0,"site-sidebar-layout":"default","site-content-layout":"","ast-site-content-layout":"default","site-content-style":"default","site-sidebar-style":"default","ast-global-header-display":"","ast-banner-title-visibility":"","ast-main-header-display":"","ast-hfb-above-header-display":"","ast-hfb-below-header-display":"","ast-hfb-mobile-header-display":"","site-post-title":"","ast-breadcrumbs-content":"","ast-featured-img":"","footer-sml-layout":"","ast-disable-related-posts":"","theme-transparent-header-meta":"","adv-header-id-meta":"","stick-header-meta":"","header-above-stick-meta":"","header-main-stick-meta":"","header-below-stick-meta":"","astra-migrate-meta-layouts":"default","ast-page-background-enabled":"default","ast-page-background-meta":{"desktop":{"background-color":"var(--ast-global-color-4)","background-image":"","background-repeat":"repeat","background-position":"center center","background-size":"auto","background-attachment":"scroll","background-type":"","background-media":"","overlay-type":"","overlay-color":"","overlay-opacity":"","overlay-gradient":""},"tablet":{"background-color":"","background-image":"","background-repeat":"repeat","background-position":"center center","background-size":"auto","background-attachment":"scroll","background-type":"","background-media":"","overlay-type":"","overlay-color":"","overlay-opacity":"","overlay-gradient":""},"mobile":{"background-color":"","background-image":"","background-repeat":"repeat","background-position":"center center","background-size":"auto","background-attachment":"scroll","background-type":"","background-media":"","overlay-type":"","overlay-color":"","overlay-opacity":"","overlay-gradient":""}},"ast-content-background-meta":{"desktop":{"background-color":"var(--ast-global-color-5)","background-image":"","background-repeat":"repeat","background-position":"center center","background-size":"auto","background-attachment":"scroll","background-type":"","background-media":"","overlay-type":"","overlay-color":"","overlay-opacity":"","overlay-gradient":""},"tablet":{"background-color":"var(--ast-global-color-5)","background-image":"","background-repeat":"repeat","background-position":"center center","background-size":"auto","background-attachment":"scroll","background-type":"","background-media":"","overlay-type":"","overlay-color":"","overlay-opacity":"","overlay-gradient":""},"mobile":{"background-color":"var(--ast-global-color-5)","background-image":"","background-repeat":"repeat","background-position":"center center","background-size":"auto","background-attachment":"scroll","background-type":"","background-media":"","overlay-type":"","overlay-color":"","overlay-opacity":"","overlay-gradient":""}},"footnotes":""},"class_list":["post-11717","page","type-page","status-publish","hentry"],"_links":{"self":[{"href":"https:\/\/www.dcs.ch\/fr\/wp-json\/wp\/v2\/pages\/11717","targetHints":{"allow":["GET"]}}],"collection":[{"href":"https:\/\/www.dcs.ch\/fr\/wp-json\/wp\/v2\/pages"}],"about":[{"href":"https:\/\/www.dcs.ch\/fr\/wp-json\/wp\/v2\/types\/page"}],"author":[{"embeddable":true,"href":"https:\/\/www.dcs.ch\/fr\/wp-json\/wp\/v2\/users\/16"}],"replies":[{"embeddable":true,"href":"https:\/\/www.dcs.ch\/fr\/wp-json\/wp\/v2\/comments?post=11717"}],"version-history":[{"count":4,"href":"https:\/\/www.dcs.ch\/fr\/wp-json\/wp\/v2\/pages\/11717\/revisions"}],"predecessor-version":[{"id":11722,"href":"https:\/\/www.dcs.ch\/fr\/wp-json\/wp\/v2\/pages\/11717\/revisions\/11722"}],"wp:attachment":[{"href":"https:\/\/www.dcs.ch\/fr\/wp-json\/wp\/v2\/media?parent=11717"}],"curies":[{"name":"wp","href":"https:\/\/api.w.org\/{rel}","templated":true}]}}