{"id":11711,"date":"2023-11-20T17:15:17","date_gmt":"2023-11-20T17:15:17","guid":{"rendered":"https:\/\/www.dcs.ch\/?page_id=11711"},"modified":"2023-12-07T11:45:30","modified_gmt":"2023-12-07T11:45:30","slug":"mentions-legales","status":"publish","type":"page","link":"https:\/\/www.dcs.ch\/fr\/mentions-legales\/","title":{"rendered":"Mentions l\u00e9gales"},"content":{"rendered":"\t\t<div data-elementor-type=\"wp-page\" data-elementor-id=\"11711\" class=\"elementor elementor-11711\" data-elementor-post-type=\"page\">\n\t\t\t\t<div class=\"elementor-element elementor-element-b20fbe1 e-flex e-con-boxed e-con e-parent\" data-id=\"b20fbe1\" data-element_type=\"container\" data-e-type=\"container\">\n\t\t\t\t\t<div class=\"e-con-inner\">\n\t\t\t\t<div class=\"elementor-element elementor-element-e17408e elementor-widget elementor-widget-heading\" data-id=\"e17408e\" data-element_type=\"widget\" data-e-type=\"widget\" data-widget_type=\"heading.default\">\n\t\t\t\t<div class=\"elementor-widget-container\">\n\t\t\t\t\t<h2 class=\"elementor-heading-title elementor-size-default\">MENTIONS L\u00c9GALES<\/h2>\t\t\t\t<\/div>\n\t\t\t\t<\/div>\n\t\t\t\t\t<\/div>\n\t\t\t\t<\/div>\n\t\t<div class=\"elementor-element elementor-element-4ac4e06 e-flex e-con-boxed e-con e-parent\" data-id=\"4ac4e06\" data-element_type=\"container\" data-e-type=\"container\">\n\t\t\t\t\t<div class=\"e-con-inner\">\n\t\t\t\t<div class=\"elementor-element elementor-element-1d8e115 elementor-widget__width-inherit elementor-widget elementor-widget-text-editor\" data-id=\"1d8e115\" data-element_type=\"widget\" data-e-type=\"widget\" data-widget_type=\"text-editor.default\">\n\t\t\t\t<div class=\"elementor-widget-container\">\n\t\t\t\t\t\t\t\t\t<h3 class=\"wp-block-heading\">H\u00e9bergement<\/h3><p>Ce site est h\u00e9berg\u00e9 par Data Conversion Service SA \u00e0 l\u2019adresse suivante :\u00a0 Route de Chancy 48 \u2013 1213 Petit-Lancy<\/p><h3 class=\"wp-block-heading\">Responsables<\/h3><p>Responsable technique concernant le site : Thierry Mourao \u2013 thierry.mourao@dcs.ch<br \/>Relation Technique CTO : Xavier Huon \u2013 xavier.huon@dcs.ch<br \/>Candidatures spontan\u00e9es : cv-cv@dcs.ch<\/p><h3 class=\"wp-block-heading\">Confidentialit\u00e9 &amp; protections des donn\u00e9es<\/h3><p>En tant que sp\u00e9cialistes des donn\u00e9es et de leur traitement, DATA CONVERSION SERVICE SA apporte une attention toute particuli\u00e8re \u00e0 la protection des donn\u00e9es personnelles. Nous ne collectons pas de donn\u00e9es concernant les visiteurs \u00e0 l\u2019exception des adresses emails volontairement fournies par le visiteur (espace newsletter, demande de contact ou autre appel \u00e0 laisser des coordonn\u00e9es) et \u00e0 l\u2019exception d\u2019informations provenant des technologies r\u00e9f\u00e9rentes aux adresses IP ou cookies.<br \/>Les informations personnelles que nous recueillons sont utilis\u00e9es \u00e0 des fins d\u2019informations internes concernant nos services et sont destin\u00e9es \u00e0 assurer un suivi plus personnalis\u00e9 de nos communications dans le respect des dispositions nationales sur la protection des donn\u00e9es.<\/p><p>Nous apportons toute la confidentialit\u00e9 sur les CV d\u00e9pos\u00e9s par les candidats et ne transmettons aucune information personnelle \u00e0 des tiers sans l\u2019accord des candidats.<\/p><h3 class=\"wp-block-heading\">Propri\u00e9t\u00e9 intellectuelle<\/h3><p>Toutes les informations et contenus publi\u00e9s sur ce site (textes, images, vid\u00e9os, graphiques, animations) sont la propri\u00e9t\u00e9 de Data Conversion Service SA et ne peuvent \u00eatre r\u00e9utilis\u00e9s. Les articles publi\u00e9s sur le blog peuvent \u00eatre n\u00e9anmoins partag\u00e9s sur les r\u00e9seaux sociaux.<br \/>Les visuels publi\u00e9s, quand ils ne sont pas la propri\u00e9t\u00e9 de Data Conversion Service sont prot\u00e9g\u00e9s pas la l\u00e9gislation sur les droits d\u2019auteurs.<br \/>Data Conversion Service SA se r\u00e9serve le droit de mettre \u00e0 jour son site web et son contenu sans limitation.<\/p><p>Cr\u00e9dits photos :<\/p><p>@Fotolia<\/p><p>@Data Conversion Service Sa<\/p><p>@CERN<\/p>\t\t\t\t\t\t\t\t<\/div>\n\t\t\t\t<\/div>\n\t\t\t\t\t<\/div>\n\t\t\t\t<\/div>\n\t\t\t\t<\/div>\n\t\t","protected":false},"excerpt":{"rendered":"<p>MENTIONS L\u00c9GALES H\u00e9bergement Ce site est h\u00e9berg\u00e9 par Data Conversion Service SA \u00e0 l\u2019adresse suivante :\u00a0 Route de Chancy 48 \u2013 1213 Petit-Lancy Responsables Responsable technique concernant le site : Thierry Mourao \u2013 thierry.mourao@dcs.chRelation Technique CTO : Xavier Huon \u2013 xavier.huon@dcs.chCandidatures spontan\u00e9es : cv-cv@dcs.ch Confidentialit\u00e9 &amp; protections des donn\u00e9es En tant que sp\u00e9cialistes des donn\u00e9es [&hellip;]<\/p>\n","protected":false},"author":16,"featured_media":0,"parent":0,"menu_order":0,"comment_status":"closed","ping_status":"closed","template":"elementor_header_footer","meta":{"inline_featured_image":false,"_exactmetrics_skip_tracking":false,"_exactmetrics_sitenote_active":false,"_exactmetrics_sitenote_note":"","_exactmetrics_sitenote_category":0,"site-sidebar-layout":"default","site-content-layout":"","ast-site-content-layout":"default","site-content-style":"default","site-sidebar-style":"default","ast-global-header-display":"","ast-banner-title-visibility":"","ast-main-header-display":"","ast-hfb-above-header-display":"","ast-hfb-below-header-display":"","ast-hfb-mobile-header-display":"","site-post-title":"","ast-breadcrumbs-content":"","ast-featured-img":"","footer-sml-layout":"","ast-disable-related-posts":"","theme-transparent-header-meta":"","adv-header-id-meta":"","stick-header-meta":"","header-above-stick-meta":"","header-main-stick-meta":"","header-below-stick-meta":"","astra-migrate-meta-layouts":"default","ast-page-background-enabled":"default","ast-page-background-meta":{"desktop":{"background-color":"var(--ast-global-color-4)","background-image":"","background-repeat":"repeat","background-position":"center center","background-size":"auto","background-attachment":"scroll","background-type":"","background-media":"","overlay-type":"","overlay-color":"","overlay-opacity":"","overlay-gradient":""},"tablet":{"background-color":"","background-image":"","background-repeat":"repeat","background-position":"center center","background-size":"auto","background-attachment":"scroll","background-type":"","background-media":"","overlay-type":"","overlay-color":"","overlay-opacity":"","overlay-gradient":""},"mobile":{"background-color":"","background-image":"","background-repeat":"repeat","background-position":"center center","background-size":"auto","background-attachment":"scroll","background-type":"","background-media":"","overlay-type":"","overlay-color":"","overlay-opacity":"","overlay-gradient":""}},"ast-content-background-meta":{"desktop":{"background-color":"var(--ast-global-color-5)","background-image":"","background-repeat":"repeat","background-position":"center center","background-size":"auto","background-attachment":"scroll","background-type":"","background-media":"","overlay-type":"","overlay-color":"","overlay-opacity":"","overlay-gradient":""},"tablet":{"background-color":"var(--ast-global-color-5)","background-image":"","background-repeat":"repeat","background-position":"center center","background-size":"auto","background-attachment":"scroll","background-type":"","background-media":"","overlay-type":"","overlay-color":"","overlay-opacity":"","overlay-gradient":""},"mobile":{"background-color":"var(--ast-global-color-5)","background-image":"","background-repeat":"repeat","background-position":"center center","background-size":"auto","background-attachment":"scroll","background-type":"","background-media":"","overlay-type":"","overlay-color":"","overlay-opacity":"","overlay-gradient":""}},"footnotes":""},"class_list":["post-11711","page","type-page","status-publish","hentry"],"_links":{"self":[{"href":"https:\/\/www.dcs.ch\/fr\/wp-json\/wp\/v2\/pages\/11711","targetHints":{"allow":["GET"]}}],"collection":[{"href":"https:\/\/www.dcs.ch\/fr\/wp-json\/wp\/v2\/pages"}],"about":[{"href":"https:\/\/www.dcs.ch\/fr\/wp-json\/wp\/v2\/types\/page"}],"author":[{"embeddable":true,"href":"https:\/\/www.dcs.ch\/fr\/wp-json\/wp\/v2\/users\/16"}],"replies":[{"embeddable":true,"href":"https:\/\/www.dcs.ch\/fr\/wp-json\/wp\/v2\/comments?post=11711"}],"version-history":[{"count":7,"href":"https:\/\/www.dcs.ch\/fr\/wp-json\/wp\/v2\/pages\/11711\/revisions"}],"predecessor-version":[{"id":12481,"href":"https:\/\/www.dcs.ch\/fr\/wp-json\/wp\/v2\/pages\/11711\/revisions\/12481"}],"wp:attachment":[{"href":"https:\/\/www.dcs.ch\/fr\/wp-json\/wp\/v2\/media?parent=11711"}],"curies":[{"name":"wp","href":"https:\/\/api.w.org\/{rel}","templated":true}]}}