{"id":5928,"date":"2020-03-09T16:30:04","date_gmt":"2020-03-09T16:30:04","guid":{"rendered":"http:\/\/192.168.1.215\/?page_id=5928"},"modified":"2020-03-09T16:30:05","modified_gmt":"2020-03-09T16:30:05","slug":"society","status":"publish","type":"page","link":"https:\/\/www.dcs.ch\/en\/society\/","title":{"rendered":"Society"},"content":{"rendered":"<p><br \/><br \/><!--StartFragment--><\/p>\n\n\n<div class=\"wp-block-group\"><div class=\"wp-block-group__inner-container is-layout-flow wp-block-group-is-layout-flow\">\n<h2 class=\"has-text-align-center\" style=\"text-align: center;\">Data Conversion Service, votre partenaire.<\/h2>\n<div>[smartslider3 slider=4]<\/div>\n<div>\u00a0<\/div>\n<p align=\"justify\">Data Conversion Service SA (DCS) est une soci\u00e9t\u00e9 de services bas\u00e9e \u00e0 Gen\u00e8ve, en Suisse Romande, depuis 1973. Cette entreprise genevoise est sp\u00e9cialis\u00e9e dans les prestations d\u2019outsourcing informatique et administratif depuis sa cr\u00e9ation en 1973 et dans le recrutement de personnel fixe ou temporaire depuis 1976. Elle s\u2019est forg\u00e9e une grande exp\u00e9rience dans les domaines du traitement documentaire afin de faciliter les op\u00e9rations administratives et informatiques de ses clients. DCS offre une gamme de services externalis\u00e9s (outsourcing) pour permettre \u00e0 ses clients de se concentrer sur leur c\u0153ur de m\u00e9tier : Help Desk, infog\u00e9rance, d\u00e9l\u00e9gation de t\u00e2ches administratives. Elle g\u00e8re le traitement de documents : Saisie de donn\u00e9es, Num\u00e9risation, Archivage. Enfin, DCS est une agence de recrutement fixe et temporaire qui emploie aujourd\u2019hui 150 personnes \u00e0 Gen\u00e8ve et au Chili.\u00a0En effet, en 2006 DCS s\u2019est install\u00e9e au Chili pour r\u00e9pondre aux demandes de soci\u00e9t\u00e9s internationales d\u00e9sireuses de s\u2019implanter en Amerique du Sud. Depuis, elle offre ses services d\u2019outsourcing IT et administratifs sur deux continents.<\/p>\n<p align=\"justify\">Depuis plus de quarante ans, DCS supporte le d\u00e9veloppement de clients tr\u00e8s vari\u00e9s allant des organisations Internationales, aux Multinationales, aux Industries, aux H\u00f4pitaux Universitaires jusqu\u2019aux Petites et Moyennes Entreprises telles que des cliniques, des bureaux d\u2019\u00e9tudes et d\u2019architectures etc\u2026<\/p>\n<h3 style=\"text-align: center;\">Nos services<\/h3>\n<p style=\"text-align: justify;\">Depuis sa cr\u00e9ation en 1973 \u00e0 Gen\u00e8ve, DCS capitalise sur trois gammes de services compl\u00e9mentaires et offre \u00e0 ses nombreux clients une expertise reconnue en Suisse et en Suisse Romande.<\/p>\n\n\n\n<div style=\"height:40px\" aria-hidden=\"true\" class=\"wp-block-spacer\"><\/div>\n\n\n\n<div class=\"wp-block-columns is-layout-flex wp-container-core-columns-is-layout-28f84493 wp-block-columns-is-layout-flex\">\n<div class=\"wp-block-column is-layout-flow wp-block-column-is-layout-flow\" style=\"flex-basis:66.66%\">\n<h4 class=\"has-text-align-center wp-block-heading\">L\u2019outsourcing informatique et administratif. <\/h4>\n\n\n\n<p style=\"text-align: justify;\">Cette activit\u00e9 phare s\u2019est fortement d\u00e9velopp\u00e9e depuis le renforcement des \u00e9quipes IT au CERN (entre 1975 et aujourd\u2019hui) et suite \u00e0 un premier contrat avec l\u2019ESO en Allemagne puis en Am\u00e9rique du Sud. Mais,&nbsp;DCS r\u00e9pond \u00e0 toutes sortes de soci\u00e9t\u00e9s (quelle que soit leur taille) pour des prestations de services IT ou administratives. En s\u2019appuyant sur sa capacit\u00e9 \u00e0 recruter les bonnes personnes pour tous types de missions, DCS peut prendre en charge des pans entiers de services dans une entreprise tels que le secr\u00e9tariat, les RH, la comptabilit\u00e9, les op\u00e9rations techniques, la maintenance informatique, les projets de d\u00e9veloppement IT etc.<\/p>\n\n\n\n<div class=\"wp-block-button aligncenter is-style-outline is-style-outline--1\"><a class=\"wp-block-button__link has-text-color has-very-dark-gray-color has-background has-light-green-cyan-background-color\" href=\"\/index.php\/outsourcing\"><strong>En savoir plus<\/strong><\/a><\/div>\n<\/div>\n\n\n\n<div class=\"wp-block-column is-layout-flow wp-block-column-is-layout-flow\" style=\"flex-basis:33.33%\">\n<figure class=\"wp-block-gallery aligncenter columns-1 is-cropped wp-block-gallery-2 is-layout-flex wp-block-gallery-is-layout-flex\"><ul class=\"blocks-gallery-grid\"><li class=\"blocks-gallery-item\"><figure><img fetchpriority=\"high\" decoding=\"async\" width=\"424\" height=\"283\" src=\"http:\/\/dcsv2020.dcs.ch\/wp-content\/uploads\/2020\/01\/computer_Infrastructure_001.jpg\" alt=\"\" data-id=\"4984\" data-full-url=\"http:\/\/dcsv2020.dcs.ch\/wp-content\/uploads\/2020\/01\/computer_Infrastructure_001.jpg\" data-link=\"http:\/\/dcsv2020.dcs.ch\/index.php\/societe\/attachment\/connessione_smartphone-tablet-pc_001rappresentazione-simbolica-di-sistemi-informatici-pc-computer-tablet-smartphone-collegati-fra-loro-e-ad-un-server-centrale\" class=\"wp-image-4984\" srcset=\"https:\/\/www.dcs.ch\/wp-content\/uploads\/2020\/01\/computer_Infrastructure_001.jpg 424w, https:\/\/www.dcs.ch\/wp-content\/uploads\/2020\/01\/computer_Infrastructure_001-300x200.jpg 300w\" sizes=\"(max-width: 424px) 100vw, 424px\" \/><\/figure><\/li><\/ul><\/figure>\n<\/div>\n<\/div>\n\n\n\n<div style=\"height:40px\" aria-hidden=\"true\" class=\"wp-block-spacer\"><\/div>\n\n\n\n<div class=\"wp-block-columns is-layout-flex wp-container-core-columns-is-layout-28f84493 wp-block-columns-is-layout-flex\">\n<div class=\"wp-block-column is-layout-flow wp-block-column-is-layout-flow\" style=\"flex-basis:33.33%\">\n<figure class=\"wp-block-image size-large\"><img decoding=\"async\" width=\"849\" height=\"566\" src=\"http:\/\/dcsv2020.dcs.ch\/wp-content\/uploads\/2020\/01\/Data_Transformation_001.jpg\" alt=\"\" class=\"wp-image-4986\" srcset=\"https:\/\/www.dcs.ch\/wp-content\/uploads\/2020\/01\/Data_Transformation_001.jpg 849w, https:\/\/www.dcs.ch\/wp-content\/uploads\/2020\/01\/Data_Transformation_001-300x200.jpg 300w, https:\/\/www.dcs.ch\/wp-content\/uploads\/2020\/01\/Data_Transformation_001-768x512.jpg 768w\" sizes=\"(max-width: 849px) 100vw, 849px\" \/><\/figure>\n<\/div>\n\n\n\n<div class=\"wp-block-column is-layout-flow wp-block-column-is-layout-flow\" style=\"flex-basis:66.66%\">\n<h4 class=\"has-text-align-center wp-block-heading\">Le traitement de vos donn\u00e9es<\/h4>\n\n\n\n<p style=\"text-align: justify;\">Historiquement, DCS reste l\u2019un des leaders de la saisie manuelle de donn\u00e9es tels que les coupons, sondages, enqu\u00eates (nous faisons cela pour les HUG par exemple) avec la confidentialit\u00e9 d\u2019une entreprise bas\u00e9e \u00e0 Gen\u00e8ve. Nous r\u00e9alisons la saisie de vos enqu\u00eates d\u2019engagement (RH), statistiques, scientifiques ou commerciales.<\/p>\n\n\n\n<p style=\"text-align: justify;\">Depuis les ann\u00e9es 2000 nous proposons le service de num\u00e9risation de documents (pour mettre en place de la GED -Gestion Electronique de Documents). DCS travaille pour des banques, de grandes entreprises etc\u2026 et m\u00e8ne des projets qui sont parfois gigantesques se chiffrant en millions de pages. L\u2019OCR remplace la saisie mais nous avons, encore et parfois, besoin des deux.<\/p>\n\n\n\n<div class=\"wp-block-button aligncenter is-style-outline is-style-outline--3\"><a class=\"wp-block-button__link has-text-color has-very-dark-gray-color has-background has-light-green-cyan-background-color\" href=\"\/index.php\/saisie-et-numerisation\"><strong>En savoir plus<\/strong><\/a><\/div>\n<\/div>\n<\/div>\n\n\n\n<div style=\"height:40px\" aria-hidden=\"true\" class=\"wp-block-spacer\"><\/div>\n\n\n\n<div class=\"wp-block-columns is-layout-flex wp-container-core-columns-is-layout-28f84493 wp-block-columns-is-layout-flex\">\n<div class=\"wp-block-column is-layout-flow wp-block-column-is-layout-flow\" style=\"flex-basis:66.66%\">\n<h4 class=\"has-text-align-center wp-block-heading\">Le recrutement<\/h4>\n\n\n\n<p style=\"text-align: justify;\">Que ce soit pour alimenter nos propres prestations de services ou pour des clients en recherche du bon profil IT ou administratif, DCS agit en tant qu\u2019agence de placement fixe et temporaire reconnue. Nous proposons des prestations li\u00e9es au placement de personnel int\u00e9rim ou fixe dans nos deux domaines de pr\u00e9dilections que sont l\u2019IT et l\u2019Administratif.<\/p>\n\n\n\n<div class=\"wp-block-button aligncenter is-style-outline is-style-outline--4\"><a class=\"wp-block-button__link has-text-color has-very-dark-gray-color has-background has-light-green-cyan-background-color\" href=\"\/index.php\/recrutement\"><strong>En savoir plus<\/strong><\/a><\/div>\n<\/div>\n\n\n\n<div class=\"wp-block-column is-layout-flow wp-block-column-is-layout-flow\" style=\"flex-basis:33.33%\">\n<div class=\"wp-block-image\"><figure class=\"aligncenter size-large\"><img decoding=\"async\" width=\"1024\" height=\"359\" src=\"http:\/\/dcsv2020.dcs.ch\/wp-content\/uploads\/2020\/01\/Slide_outsourcing_001-1024x359.jpg\" alt=\"\" class=\"wp-image-4801\" srcset=\"https:\/\/www.dcs.ch\/wp-content\/uploads\/2020\/01\/Slide_outsourcing_001-1024x359.jpg 1024w, https:\/\/www.dcs.ch\/wp-content\/uploads\/2020\/01\/Slide_outsourcing_001-300x105.jpg 300w, https:\/\/www.dcs.ch\/wp-content\/uploads\/2020\/01\/Slide_outsourcing_001-768x269.jpg 768w, https:\/\/www.dcs.ch\/wp-content\/uploads\/2020\/01\/Slide_outsourcing_001-1536x539.jpg 1536w, https:\/\/www.dcs.ch\/wp-content\/uploads\/2020\/01\/Slide_outsourcing_001-2048x719.jpg 2048w\" sizes=\"(max-width: 1024px) 100vw, 1024px\" \/><\/figure><\/div>\n<\/div>\n<\/div>\n\n\n\n<div style=\"height:40px\" aria-hidden=\"true\" class=\"wp-block-spacer\"><\/div>\n\n\n\n<h3 class=\"has-text-align-center wp-block-heading\"> Positionnement International <\/h3>\n\n\n\n<div class=\"wp-block-group\"><div class=\"wp-block-group__inner-container is-layout-flow wp-block-group-is-layout-flow\">\n<div class=\"wp-block-group\"><div class=\"wp-block-group__inner-container is-layout-flow wp-block-group-is-layout-flow\">\n<div class=\"wp-block-cover\" style=\"background-image:url(http:\/\/dcsv2020.dcs.ch\/wp-content\/uploads\/2020\/01\/carte_suisse_chili_001.png);background-color:#ffffff;background-position:50% 50%\"><div class=\"wp-block-cover__inner-container is-layout-flow wp-block-cover-is-layout-flow\">\n<div class=\"wp-block-columns is-layout-flex wp-container-core-columns-is-layout-28f84493 wp-block-columns-is-layout-flex\">\n<div class=\"wp-block-column is-layout-flow wp-block-column-is-layout-flow\" style=\"flex-basis:25%\"><\/div>\n\n\n\n<div class=\"wp-block-column is-layout-flow wp-block-column-is-layout-flow\" style=\"flex-basis:50%\">\n<p><span style=\"color: #000000;\">DCS poss\u00e8de deux implantations pour accompagner les entreprises suisses dans le march\u00e9 local et national et pour aider des entreprises internationales \u00e0 s\u2019implanter en Am\u00e9rique du Sud. De grandes soci\u00e9t\u00e9s am\u00e9ricaines (comme Walmart) font confiance \u00e0 DCS pour d\u00e9velopper leurs filiales sur ce continent.<\/span><\/p>\n<p><\/p>\n<\/div>\n\n\n\n<div class=\"wp-block-column is-layout-flow wp-block-column-is-layout-flow\" style=\"flex-basis:25%\"><\/div>\n<\/div>\n<\/div><\/div>\n<\/div><\/div>\n<\/div><\/div>\n\n\n\n<h3 class=\"has-text-align-center wp-block-heading\">Histoire<\/h3>\n\n\n\n<p style=\"text-align: justify;\">DCS a \u00e9t\u00e9 fond\u00e9e il y a plus de 40 ans, en 1973, \u00e0 Gen\u00e8ve par la famille Galle. Nous sommes \u00e0 l\u2019aube de l\u2019informatique et de nombreuses fiduciaires ont besoin de traiter des documents. On parle encore peu du terme \u00ab&nbsp;outsourcing&nbsp;\u00bb mais c\u2019est bel et bien ce que DCS propose \u00e0 sa cr\u00e9ation : des prestations permettant \u00e0 ses clients de se focaliser uniquement sur leur m\u00e9tier sans avoir \u00e0 g\u00e9rer des probl\u00e9matiques de gestion de personnel pour des op\u00e9rations sans valeur ajout\u00e9e. Il s\u2019agissait essentiellement d\u2019op\u00e9rations de saisie de donn\u00e9es (d\u2019o\u00f9 le nom Data Conversion Service). D\u00e8s 1974, DCS cr\u00e9e une \u00e9cole d\u2019op\u00e9ratrices de saisie pour r\u00e9pondre \u00e0 la demande de personnel qualifi\u00e9.<\/p>\n<p style=\"text-align: justify;\">En 1975, DCS obtient un contrat de prestation de service avec le CERN (qui est d\u2019ailleurs toujours client) pour assurer le support&nbsp;informatique (ou l\u2019infog\u00e9rance) du centre de calcul. L\u00e0 encore, l\u2019objectif est de laisser le management du CERN se concentrer sur d\u2019autres t\u00e2ches directement li\u00e9es \u00e0 son projet (l\u2019avenir de l\u2019univers et tout de m\u00eame en jeu&nbsp;!).<\/p>\n<p style=\"text-align: justify;\"><strong data-rich-text-format-boundary=\"true\">DCS confirme d\u00e8s sa cr\u00e9ation son expertise dans l\u2019outsourcing IT et Administratif et ce sont ces deux th\u00e8mes qui constituent l\u2019ADN de la soci\u00e9t\u00e9.<\/strong><\/p>\n<p style=\"text-align: justify;\">Pour d\u00e9velopper ses services et assurer \u00e0 ses clients du personnel de qualit\u00e9 bien form\u00e9, DCS se dote en 1975 d\u2019une cellule d\u00e9di\u00e9e uniquement au recrutement (recrutement fixe et temporaire) dans ses deux domaines de pr\u00e9dilections&nbsp;: IT et ADM<\/p>\n<p style=\"text-align: justify;\">D\u00e8s 1975 tout est l\u00e0 et DCS traverse la fin du si\u00e8cle en accompagnant ses clients dans les \u00e9volutions et r\u00e9volutions successives de l\u2019informatique et des prestations administratives (qui sont d\u2019ailleurs de plus en plus concern\u00e9es par l\u2019informatique et les technologies de la communication dont l\u2019Internet).<\/p>\n\n\n\n<div class=\"wp-block-ctl-instant-timeline\"><div class=\"ctl-instant-timeline block-1580138527156  both-sided\" style=\"--timeLineColor:#D91B3E;--textColor:#000;--titleSize:18px;--descriptionSize:14px;--timeSize:18px\"><div class=\"timeline-content\"><div class=\"ctl-row\"><div class=\"ctl-col-6\"><div class=\"story-time\"><div style=\"color:#000;font-size:18px\">01 janvier 1973<\/div><\/div><\/div><div class=\"ctl-col-6\"><div class=\"story-details\"><div class=\"story-image\"><img decoding=\"async\" src=\"http:\/\/dcsv2020.dcs.ch\/wp-content\/uploads\/2020\/01\/1971-MDS-350x120-1.jpg\"\/><\/div><h3 style=\"color:#000;font-size:18px;line-height:24.12px\">Cr\u00e9ation de DCS<\/h3><p style=\"color:#000;font-size:14px;line-height:24.22px\"> In 1973 DCS main activity is the data entry. The activities are developing very rapidly and in the space of three years the workshop has 30 data entry operators<\/p><\/div><\/div><\/div><\/div><div class=\"timeline-content\"><div class=\"ctl-row\"><div class=\"ctl-col-6\"><div class=\"story-details\"><div class=\"story-image\"><img decoding=\"async\" src=\"http:\/\/dcsv2020.dcs.ch\/wp-content\/uploads\/2020\/01\/Slide_outsourcing_001.jpg\"\/><\/div><h3 style=\"color:#000;font-size:18px;line-height:24.12px\">Ecole d&rsquo;op\u00e9ratrice de saisie<\/h3><p style=\"color:#000;font-size:14px;line-height:24.22px\">A data entry operator school is created to meet the strong demand in\u00a0staffing <\/p><\/div><\/div><div class=\"ctl-col-6\"><div class=\"story-time\"><div style=\"color:#000;font-size:18px\">En 1974<\/div><\/div><\/div><\/div><\/div><div class=\"timeline-content\"><div class=\"ctl-row\"><div class=\"ctl-col-6\"><div class=\"story-time\"><div style=\"color:#000;font-size:18px\">En 1975<\/div><\/div><\/div><div class=\"ctl-col-6\"><div class=\"story-details\"><div class=\"story-image\"><img decoding=\"async\" src=\"http:\/\/dcsv2020.dcs.ch\/wp-content\/uploads\/2020\/01\/cern-vector-logo.png\"\/><\/div><h3 style=\"color:#000;font-size:18px;line-height:24.12px\">Contrat CERN<\/h3><p style=\"color:#000;font-size:14px;line-height:24.22px\">En 1975, DCS obtient son premier contrat de prestation de services au CERN, concernant l\u2019exploitation 24h\/24h de l\u2019ensemble du centre de calcul. Ce sont les pr\u00e9mices de l\u2019infog\u00e9rance et de la sous-traitance informatique. <\/p><\/div><\/div><\/div><\/div><div class=\"timeline-content\"><div class=\"ctl-row\"><div class=\"ctl-col-6\"><div class=\"story-details\"><div class=\"story-image\"><img decoding=\"async\" src=\"http:\/\/dcsv2020.dcs.ch\/wp-content\/uploads\/2020\/01\/Slide_recurtement_001.jpg\"\/><\/div><h3 style=\"color:#000;font-size:18px;line-height:24.12px\">Recrutement<\/h3><p style=\"color:#000;font-size:14px;line-height:24.22px\"> En 1976, D\u00e9marrage du d\u00e9partement pour le recrutement temporaire dans les secteurs informatiques et administratifs. <\/p><\/div><\/div><div class=\"ctl-col-6\"><div class=\"story-time\"><div style=\"color:#000;font-size:18px\">En 1976<\/div><\/div><\/div><\/div><\/div><div class=\"timeline-content\"><div class=\"ctl-row\"><div class=\"ctl-col-6\"><div class=\"story-time\"><div style=\"color:#000;font-size:18px\">En 1978<\/div><\/div><\/div><div class=\"ctl-col-6\"><div class=\"story-details\"><div class=\"story-image\"><\/div><h3 style=\"color:#000;font-size:18px;line-height:24.12px\"><\/h3><p style=\"color:#000;font-size:14px;line-height:24.22px\">Entre 1978 et 1999, DCS d\u00e9veloppe plus particuli\u00e8rement l\u2019outsourcing \u00ab services administratifs \u00bb et l\u2019infog\u00e9rance \u00ab services informatiques \u00bb. <\/p><\/div><\/div><\/div><\/div><div class=\"timeline-content\"><div class=\"ctl-row\"><div class=\"ctl-col-6\"><div class=\"story-details\"><div class=\"story-image\"><img decoding=\"async\" src=\"http:\/\/dcsv2020.dcs.ch\/wp-content\/uploads\/2020\/01\/7365097224_927954dd23_z.jpg\"\/><\/div><h3 style=\"color:#000;font-size:18px;line-height:24.12px\"><\/h3><p style=\"color:#000;font-size:14px;line-height:24.22px\"> En 2000 DCS cr\u00e9e un atelier de num\u00e9risation. La saisie de donn\u00e9es reste pr\u00e9sente. La compl\u00e9mentarit\u00e9 de ces deux activit\u00e9s devient le principal outil pour traiter num\u00e9riquement les documents papier. <\/p><\/div><\/div><div class=\"ctl-col-6\"><div class=\"story-time\"><div style=\"color:#000;font-size:18px\">En 2000<\/div><\/div><\/div><\/div><\/div><div class=\"timeline-content\"><div class=\"ctl-row\"><div class=\"ctl-col-6\"><div class=\"story-time\"><div style=\"color:#000;font-size:18px\">En 2004<\/div><\/div><\/div><div class=\"ctl-col-6\"><div class=\"story-details\"><div class=\"story-image\"><img decoding=\"async\" src=\"http:\/\/dcsv2020.dcs.ch\/wp-content\/uploads\/2020\/01\/eso-chili.png\"\/><\/div><h3 style=\"color:#000;font-size:18px;line-height:24.12px\">Contrat avec l&rsquo;ESO au Chili<\/h3><p style=\"color:#000;font-size:14px;line-height:24.22px\">En 2004 DCS obtient son premier contrat avec l\u2019ESO en Allemagne qui se poursuivra au Chili. <\/p><\/div><\/div><\/div><\/div><div class=\"timeline-content\"><div class=\"ctl-row\"><div class=\"ctl-col-6\"><div class=\"story-details\"><div class=\"story-image\"><img decoding=\"async\" src=\"http:\/\/dcsv2020.dcs.ch\/wp-content\/uploads\/2020\/01\/vue-bureau-chili.png\"\/><\/div><h3 style=\"color:#000;font-size:18px;line-height:24.12px\"><\/h3><p style=\"color:#000;font-size:14px;line-height:24.22px\"> En 2006 DCS s\u2019implante \u00e9galement au Chili, actif dans le domaine du support et de l\u2019infrastructure informatique ainsi que des projets de num\u00e9risation. <\/p><\/div><\/div><div class=\"ctl-col-6\"><div class=\"story-time\"><div style=\"color:#000;font-size:18px\">Depuis 2006<\/div><\/div><\/div><\/div><\/div><div class=\"timeline-content\"><div class=\"ctl-row\"><div class=\"ctl-col-6\"><div class=\"story-time\"><div style=\"color:#000;font-size:18px\">En 2010<\/div><\/div><\/div><div class=\"ctl-col-6\"><div class=\"story-details\"><div class=\"story-image\"><img decoding=\"async\" src=\"http:\/\/dcsv2020.dcs.ch\/wp-content\/uploads\/2020\/01\/Fotolia_68459749_S.jpg\"\/><\/div><h3 style=\"color:#000;font-size:18px;line-height:24.12px\"><\/h3><p style=\"color:#000;font-size:14px;line-height:24.22px\"> Depuis 2010, DCS poursuit son d\u00e9veloppement local et international et accueille de nouveaux clients sur ses deux march\u00e9s de pr\u00e9dilection que sont l\u2019Am\u00e9rique du Sud et la Suisse Romande. <\/p><\/div><\/div><\/div><\/div><div class=\"timeline-content\"><div class=\"ctl-row\"><div class=\"ctl-col-6\"><div class=\"story-details\"><div class=\"story-image\"><img decoding=\"async\" src=\"http:\/\/dcsv2020.dcs.ch\/wp-content\/uploads\/2020\/01\/iso_logo.png\"\/><\/div><h3 style=\"color:#000;font-size:18px;line-height:24.12px\">ISO 9001 : 2015<\/h3><p style=\"color:#000;font-size:14px;line-height:24.22px\"> DCS renouvelle avec succ\u00e8s la norme ISO 9001 \u2013 2015. Afin de garantir \u00e0 ses clients toute la transparence n\u00e9cessaire sur ses processus de production, DCS confirme son engagement avec la norme ISO en version 9001 \u2013 2015. <\/p><\/div><\/div><div class=\"ctl-col-6\"><div class=\"story-time\"><div style=\"color:#000;font-size:18px\">Depuis 2015<\/div><\/div><\/div><\/div><\/div><\/div><\/div>\n<\/div><\/div>\n\n\n<p><!--EndFragment--><br>\n<br>\n<\/p>","protected":false},"excerpt":{"rendered":"<p>Data Conversion Service, votre partenaire. [smartslider3 slider=4] \u00a0 Data Conversion Service SA (DCS) est une soci\u00e9t\u00e9 de services bas\u00e9e \u00e0 Gen\u00e8ve, en Suisse Romande, depuis 1973. Cette entreprise genevoise est sp\u00e9cialis\u00e9e dans les prestations d\u2019outsourcing informatique et administratif depuis sa cr\u00e9ation en 1973 et dans le recrutement de personnel fixe ou temporaire depuis 1976. Elle [&hellip;]<\/p>\n","protected":false},"author":11,"featured_media":0,"parent":0,"menu_order":0,"comment_status":"closed","ping_status":"closed","template":"","meta":{"inline_featured_image":false,"_exactmetrics_skip_tracking":false,"_exactmetrics_sitenote_active":false,"_exactmetrics_sitenote_note":"","_exactmetrics_sitenote_category":0,"site-sidebar-layout":"default","site-content-layout":"","ast-site-content-layout":"default","site-content-style":"default","site-sidebar-style":"default","ast-global-header-display":"","ast-banner-title-visibility":"","ast-main-header-display":"","ast-hfb-above-header-display":"","ast-hfb-below-header-display":"","ast-hfb-mobile-header-display":"","site-post-title":"","ast-breadcrumbs-content":"","ast-featured-img":"","footer-sml-layout":"","ast-disable-related-posts":"","theme-transparent-header-meta":"","adv-header-id-meta":"","stick-header-meta":"","header-above-stick-meta":"","header-main-stick-meta":"","header-below-stick-meta":"","astra-migrate-meta-layouts":"default","ast-page-background-enabled":"default","ast-page-background-meta":{"desktop":{"background-color":"var(--ast-global-color-4)","background-image":"","background-repeat":"repeat","background-position":"center center","background-size":"auto","background-attachment":"scroll","background-type":"","background-media":"","overlay-type":"","overlay-color":"","overlay-opacity":"","overlay-gradient":""},"tablet":{"background-color":"","background-image":"","background-repeat":"repeat","background-position":"center center","background-size":"auto","background-attachment":"scroll","background-type":"","background-media":"","overlay-type":"","overlay-color":"","overlay-opacity":"","overlay-gradient":""},"mobile":{"background-color":"","background-image":"","background-repeat":"repeat","background-position":"center center","background-size":"auto","background-attachment":"scroll","background-type":"","background-media":"","overlay-type":"","overlay-color":"","overlay-opacity":"","overlay-gradient":""}},"ast-content-background-meta":{"desktop":{"background-color":"var(--ast-global-color-5)","background-image":"","background-repeat":"repeat","background-position":"center center","background-size":"auto","background-attachment":"scroll","background-type":"","background-media":"","overlay-type":"","overlay-color":"","overlay-opacity":"","overlay-gradient":""},"tablet":{"background-color":"var(--ast-global-color-5)","background-image":"","background-repeat":"repeat","background-position":"center center","background-size":"auto","background-attachment":"scroll","background-type":"","background-media":"","overlay-type":"","overlay-color":"","overlay-opacity":"","overlay-gradient":""},"mobile":{"background-color":"var(--ast-global-color-5)","background-image":"","background-repeat":"repeat","background-position":"center center","background-size":"auto","background-attachment":"scroll","background-type":"","background-media":"","overlay-type":"","overlay-color":"","overlay-opacity":"","overlay-gradient":""}},"footnotes":""},"class_list":["post-5928","page","type-page","status-publish","hentry"],"_links":{"self":[{"href":"https:\/\/www.dcs.ch\/en\/wp-json\/wp\/v2\/pages\/5928","targetHints":{"allow":["GET"]}}],"collection":[{"href":"https:\/\/www.dcs.ch\/en\/wp-json\/wp\/v2\/pages"}],"about":[{"href":"https:\/\/www.dcs.ch\/en\/wp-json\/wp\/v2\/types\/page"}],"author":[{"embeddable":true,"href":"https:\/\/www.dcs.ch\/en\/wp-json\/wp\/v2\/users\/11"}],"replies":[{"embeddable":true,"href":"https:\/\/www.dcs.ch\/en\/wp-json\/wp\/v2\/comments?post=5928"}],"version-history":[{"count":0,"href":"https:\/\/www.dcs.ch\/en\/wp-json\/wp\/v2\/pages\/5928\/revisions"}],"wp:attachment":[{"href":"https:\/\/www.dcs.ch\/en\/wp-json\/wp\/v2\/media?parent=5928"}],"curies":[{"name":"wp","href":"https:\/\/api.w.org\/{rel}","templated":true}]}}