{"id":4873,"date":"2020-01-15T22:38:09","date_gmt":"2020-01-15T22:38:09","guid":{"rendered":"http:\/\/192.168.1.215\/?page_id=4873"},"modified":"2023-07-04T12:34:24","modified_gmt":"2023-07-04T12:34:24","slug":"societe","status":"publish","type":"page","link":"https:\/\/www.dcs.ch\/en\/societe\/","title":{"rendered":"Company"},"content":{"rendered":"<h2 class=\"wp-block-heading has-text-align-center\">Data Conversion Service, at your side.<\/h2>\n\n\n\n<figure class=\"wp-block-embed is-type-video is-provider-youtube wp-block-embed-youtube wp-embed-aspect-16-9 wp-has-aspect-ratio\"><div class=\"wp-block-embed__wrapper\">\n<iframe title=\"Data Conversion Service SA : Pr\u00e9sentation\" width=\"500\" height=\"281\" src=\"https:\/\/www.youtube.com\/embed\/Y52N0lDCMwc?feature=oembed\" frameborder=\"0\" allow=\"accelerometer; autoplay; clipboard-write; encrypted-media; gyroscope; picture-in-picture; web-share\" referrerpolicy=\"strict-origin-when-cross-origin\" allowfullscreen><\/iframe>\n<\/div><\/figure>\n\n\n\n<div class=\"wp-block-group is-layout-flow wp-block-group-is-layout-flow\">\n<p align=\"justify\">Data Conversion Service SA (DCS) is a service company based in Geneva, Switzerland since 1973. This Geneva-based company has specialized in IT and administrative outsourcing services since its creation and in the recruitment of permanent or temporary staff since 1976.<\/p>\n<p align=\"justify\">It has built a large experience in document processing to facilitate the administrative and IT operations of its clients. DCS offers a range of outsourced services to allow its customers to focus on their core business: Help Desk, outsourcing, delegation of tasks<\/p>\n<p align=\"justify\">It manages the processing of documents: data entry, scanning, archiving. Finally, DCS is a permanent and temporary recruitment agency which currently employs 150 people in Geneva and Chile. In 2006 DCS moved to Chile. Since then, it has offered its IT and administrative outsourcing services on two continents.<\/p>\n<p align=\"justify\">For over forty years, DCS supports the development of a wide variety of clients ranging from international organizations, multinational corporations, industries, University Hospitals to small and medium businesses such as clinics, offices and architectures etc. ...<\/p>\n<h3 style=\"text-align: center;\">Our services at a glance<\/h3>\n<p style=\"text-align: justify;\">Since its creation in 1973 in Geneva, DCS has capitalized on three ranges of complementary services and offers its customers recognized expertise in Switzerland.<\/p>\n\n\n\n<div style=\"height:40px\" aria-hidden=\"true\" class=\"wp-block-spacer\"><\/div>\n\n\n\n<div class=\"wp-block-columns is-layout-flex wp-container-core-columns-is-layout-28f84493 wp-block-columns-is-layout-flex\">\n<div class=\"wp-block-column is-layout-flow wp-block-column-is-layout-flow\" style=\"flex-basis:66.66%\">\n<h4 class=\"wp-block-heading has-text-align-center\">IT and Administrative outsourcing <\/h4>\n\n\n\n<p style=\"text-align: justify;\">This flagship activity has grown strongly since the strengthening of the IT teams at CERN (between 1975 and today) and following a first contract with ESO in Germany and then in South America.<\/p>\n<p style=\"text-align: justify;\">DCS responds to all companies (whatever their size) for IT or administrative services.<\/p>\n<p style=\"text-align: justify;\">By relying on its ability to recruit the right people for all types of missions, DCS can take charge of entire areas of services in a company such as secretarial services, HR, accounting, technical operations, IT maintenance, IT development projects, etc.<\/p>\n\n\n\n<div class=\"wp-block-button is-style-outline aligncenter is-style-outline--1\"><a class=\"wp-block-button__link has-very-dark-gray-color has-light-green-cyan-background-color has-text-color has-background wp-element-button\" href=\"\/index.php\/outsourcing\"><strong>Read more<\/strong><\/a><\/div>\n<\/div>\n\n\n\n<div class=\"wp-block-column is-layout-flow wp-block-column-is-layout-flow\" style=\"flex-basis:33.33%\">\n<figure class=\"wp-block-gallery aligncenter has-nested-images columns-default is-cropped wp-block-gallery-2 is-layout-flex wp-block-gallery-is-layout-flex\">\n<figure class=\"wp-block-image size-large\"><img fetchpriority=\"high\" decoding=\"async\" width=\"424\" height=\"283\" data-id=\"4984\" src=\"https:\/\/www.dcs.ch\/wp-content\/uploads\/2020\/01\/computer_Infrastructure_001.jpg\" alt=\"\" class=\"wp-image-4984\" srcset=\"https:\/\/www.dcs.ch\/wp-content\/uploads\/2020\/01\/computer_Infrastructure_001.jpg 424w, https:\/\/www.dcs.ch\/wp-content\/uploads\/2020\/01\/computer_Infrastructure_001-300x200.jpg 300w\" sizes=\"(max-width: 424px) 100vw, 424px\" \/><\/figure>\n<\/figure>\n<\/div>\n<\/div>\n\n\n\n<div style=\"height:40px\" aria-hidden=\"true\" class=\"wp-block-spacer\"><\/div>\n\n\n\n<div class=\"wp-block-columns is-layout-flex wp-container-core-columns-is-layout-28f84493 wp-block-columns-is-layout-flex\">\n<div class=\"wp-block-column is-layout-flow wp-block-column-is-layout-flow\" style=\"flex-basis:33.33%\">\n<figure class=\"wp-block-image size-large\"><img decoding=\"async\" width=\"849\" height=\"566\" src=\"http:\/\/dcsv2020.dcs.ch\/wp-content\/uploads\/2020\/01\/Data_Transformation_001.jpg\" alt=\"\" class=\"wp-image-4986\" srcset=\"https:\/\/www.dcs.ch\/wp-content\/uploads\/2020\/01\/Data_Transformation_001.jpg 849w, https:\/\/www.dcs.ch\/wp-content\/uploads\/2020\/01\/Data_Transformation_001-300x200.jpg 300w, https:\/\/www.dcs.ch\/wp-content\/uploads\/2020\/01\/Data_Transformation_001-768x512.jpg 768w\" sizes=\"(max-width: 849px) 100vw, 849px\" \/><\/figure>\n<\/div>\n\n\n\n<div class=\"wp-block-column is-layout-flow wp-block-column-is-layout-flow\" style=\"flex-basis:66.66%\">\n<h4 class=\"wp-block-heading has-text-align-center\">Data entry and digitization<\/h4>\n\n\n\n<p style=\"text-align: justify;\">Historically, DCS remains one of the leaders in entering data such as coupons, polls, surveys (we do this for HUG for example) with the confidentiality of a Geneva-based company. We enter your engagement surveys (HR), statistics, scientific or commercial.<\/p>\n\n\n\n<p style=\"text-align: justify;\">Since the 2000s we have been offering the document scanning service (to set up EDM - Electronic Document Management). DCS works for banks, large companies etc\u2026 and carries out projects amounting to millions of pages. <\/p>\n\n\n\n<div class=\"wp-block-button is-style-outline aligncenter is-style-outline--3\"><a class=\"wp-block-button__link has-very-dark-gray-color has-light-green-cyan-background-color has-text-color has-background wp-element-button\" href=\"\/index.php\/saisie-et-numerisation\"><strong>Read more<\/strong><\/a><\/div>\n<\/div>\n<\/div>\n\n\n\n<div style=\"height:40px\" aria-hidden=\"true\" class=\"wp-block-spacer\"><\/div>\n\n\n\n<div class=\"wp-block-columns is-layout-flex wp-container-core-columns-is-layout-28f84493 wp-block-columns-is-layout-flex\">\n<div class=\"wp-block-column is-layout-flow wp-block-column-is-layout-flow\" style=\"flex-basis:66.66%\">\n<h4 class=\"wp-block-heading has-text-align-center\">Recruitment<\/h4>\n\n\n\n<p style=\"text-align: justify;\">Whether it is to supply our own services or for clients looking for the right IT or administrative profile.<\/p>\n<p style=\"text-align: justify;\">We offer services related to temporary or permanent staff placement in our two areas of predilections that are IT and Administration.<\/p>\n\n\n\n<div class=\"wp-block-button is-style-outline aligncenter is-style-outline--4\"><a class=\"wp-block-button__link has-very-dark-gray-color has-light-green-cyan-background-color has-text-color has-background wp-element-button\" href=\"\/index.php\/recrutement\"><strong>Read more<\/strong><\/a><\/div>\n<\/div>\n\n\n\n<div class=\"wp-block-column is-layout-flow wp-block-column-is-layout-flow\" style=\"flex-basis:33.33%\">\n<figure class=\"wp-block-image aligncenter size-large\"><img decoding=\"async\" width=\"1024\" height=\"359\" src=\"http:\/\/dcsv2020.dcs.ch\/wp-content\/uploads\/2020\/01\/Slide_outsourcing_001-1024x359.jpg\" alt=\"\" class=\"wp-image-4801\" srcset=\"https:\/\/www.dcs.ch\/wp-content\/uploads\/2020\/01\/Slide_outsourcing_001-1024x359.jpg 1024w, https:\/\/www.dcs.ch\/wp-content\/uploads\/2020\/01\/Slide_outsourcing_001-300x105.jpg 300w, https:\/\/www.dcs.ch\/wp-content\/uploads\/2020\/01\/Slide_outsourcing_001-768x269.jpg 768w, https:\/\/www.dcs.ch\/wp-content\/uploads\/2020\/01\/Slide_outsourcing_001-1536x539.jpg 1536w, https:\/\/www.dcs.ch\/wp-content\/uploads\/2020\/01\/Slide_outsourcing_001-2048x719.jpg 2048w\" sizes=\"(max-width: 1024px) 100vw, 1024px\" \/><\/figure>\n<\/div>\n<\/div>\n\n\n\n<p><\/p>\n\n\n\n<div style=\"height:40px\" aria-hidden=\"true\" class=\"wp-block-spacer\"><\/div>\n\n\n\n<h3 class=\"wp-block-heading has-text-align-center\"> International positioning <\/h3>\n\n\n\n<div class=\"wp-block-group is-layout-flow wp-block-group-is-layout-flow\">\n<div class=\"wp-block-group is-layout-flow wp-block-group-is-layout-flow\">\n<div class=\"wp-block-cover\"><span aria-hidden=\"true\" class=\"wp-block-cover__background has-background-dim-0 has-background-dim\" style=\"background-color:#ffffff\"><\/span><img loading=\"lazy\" decoding=\"async\" width=\"1140\" height=\"375\" class=\"wp-block-cover__image-background wp-image-5092\" src=\"https:\/\/www.dcs.ch\/wp-content\/uploads\/2020\/01\/carte_suisse_chili_001.png\" style=\"object-position:52% 50%\" data-object-fit=\"cover\" data-object-position=\"52% 50%\" srcset=\"https:\/\/www.dcs.ch\/wp-content\/uploads\/2020\/01\/carte_suisse_chili_001.png 1140w, https:\/\/www.dcs.ch\/wp-content\/uploads\/2020\/01\/carte_suisse_chili_001-300x99.png 300w, https:\/\/www.dcs.ch\/wp-content\/uploads\/2020\/01\/carte_suisse_chili_001-1024x337.png 1024w, https:\/\/www.dcs.ch\/wp-content\/uploads\/2020\/01\/carte_suisse_chili_001-768x253.png 768w\" sizes=\"(max-width: 1140px) 100vw, 1140px\" \/><div class=\"wp-block-cover__inner-container is-layout-flow wp-block-cover-is-layout-flow\">\n<div class=\"wp-block-columns is-layout-flex wp-container-core-columns-is-layout-28f84493 wp-block-columns-is-layout-flex\">\n<div class=\"wp-block-column is-layout-flow wp-block-column-is-layout-flow\" style=\"flex-basis:25%\"><\/div>\n\n\n\n<div class=\"wp-block-column is-layout-flow wp-block-column-is-layout-flow\" style=\"flex-basis:50%\">\n<p><span style=\"color: #000000;\">DCS has two offices, in Switzerland and Chile.<\/span><\/p>\n\n\n\n<p><span style=\"color: #000000;\">Large American companies (like Walmart) trust DCS.<\/span><\/p>\n<\/div>\n\n\n\n<div class=\"wp-block-column is-layout-flow wp-block-column-is-layout-flow\" style=\"flex-basis:25%\"><\/div>\n<\/div>\n\n\n\n<p><\/p>\n<\/div><\/div>\n<\/div>\n<\/div>\n\n\n\n<h3 class=\"wp-block-heading has-text-align-center\">History<\/h3>\n\n\n\n<p style=\"text-align: justify;\">DCS was founded over 40 years ago, in 1973, in Geneva by the Galle family. We are on the cusp of computers and many fiduciaries need to process documents.<\/p>\n<p style=\"text-align: justify;\">We still speak little of \"outsourcing\" but that is indeed what DCS offers its creation: services enabling its customers to focus only on their business, without having to manage staff management issues for operations without added value.<\/p>\n<p style=\"text-align: justify;\">These were mainly data entry operations (hence the name Data Conversion Service). In 1974, DCS created a school of data entry operators to meet the demand for qualified personnel.<\/p>\n<p style=\"text-align: justify;\">In 1975, DCS obtained a first service contract with CERN to provide IT support (or outsourcing) for the computer center.<\/p>\n<p style=\"text-align: justify;\">Here again, the aim is to let CERN management concentrate on other tasks directly related to its project.<\/p>\n<p style=\"text-align: justify;\">We are partner with CERN for 46 years now.<\/p>\n<p style=\"text-align: justify;\"><strong data-rich-text-format-boundary=\"true\">Since its creation, DCS confirms its expertise in outsourcing IT and Administration and these two themes are really the company\u2019s DNA.<\/strong><\/p>\n<p style=\"text-align: justify;\">To develop its services and provide its customers with well-trained quality staff, DCS set up in 1975 a department dedicated solely to recruitment (permanent and temporary recruitment) in its two areas of predilection: IT and Administration.<\/p>\n<p style=\"text-align: justify;\">From 1975, everything was in place to support our customers in the successive evolutions and revolutions in IT, and administrative services.<\/p>\n\n\n\n<div class=\"wp-block-ctl-instant-timeline\"><div class=\"ctl-instant-timeline block-1580138527156  both-sided\" style=\"--timeLineColor:#D91B3E;--textColor:#000;--titleSize:18px;--descriptionSize:14px;--timeSize:18px\"><div class=\"timeline-content\"><div class=\"ctl-row\"><div class=\"ctl-col-6\"><div class=\"story-time\"><div style=\"color:#000;font-size:18px\">01 January 1973<\/div><\/div><\/div><div class=\"ctl-col-6\"><div class=\"story-details\"><div class=\"story-image\"><img decoding=\"async\" src=\"https:\/\/www.dcs.ch\/wp-content\/uploads\/2020\/01\/1971-MDS-350x120-1.jpg\"\/><\/div><h3 style=\"color:#000;font-size:18px;line-height:24.12px\">Creation of DCS<\/h3><p style=\"color:#000;font-size:14px;line-height:24.22px\">In 1973, DCS's main activity was data entry. The activities are developing very rapidly and in three years the workshop has 30 operators.<\/p><\/div><\/div><\/div><\/div><div class=\"timeline-content\"><div class=\"ctl-row\"><div class=\"ctl-col-6\"><div class=\"story-details\"><div class=\"story-image\"><img decoding=\"async\" src=\"https:\/\/www.dcs.ch\/wp-content\/uploads\/2020\/01\/Slide_outsourcing_001.jpg\"\/><\/div><h3 style=\"color:#000;font-size:18px;line-height:24.12px\">Data entry operator school<\/h3><p style=\"color:#000;font-size:14px;line-height:24.22px\">A school of data entry operators was created to meet the high demand.<\/p><\/div><\/div><div class=\"ctl-col-6\"><div class=\"story-time\"><div style=\"color:#000;font-size:18px\">In 1974<\/div><\/div><\/div><\/div><\/div><div class=\"timeline-content\"><div class=\"ctl-row\"><div class=\"ctl-col-6\"><div class=\"story-time\"><div style=\"color:#000;font-size:18px\">In 1975<\/div><\/div><\/div><div class=\"ctl-col-6\"><div class=\"story-details\"><div class=\"story-image\"><img decoding=\"async\" src=\"https:\/\/www.dcs.ch\/wp-content\/uploads\/2020\/01\/cern-vector-logo.png\"\/><\/div><h3 style=\"color:#000;font-size:18px;line-height:24.12px\">CERN contract<\/h3><p style=\"color:#000;font-size:14px;line-height:24.22px\">DCS obtains its first contract to provide services to CERN, concerning the 24-hour operation of the entire data center. These are the beginnings of IT outsourcing. <\/p><\/div><\/div><\/div><\/div><div class=\"timeline-content\"><div class=\"ctl-row\"><div class=\"ctl-col-6\"><div class=\"story-details\"><div class=\"story-image\"><img decoding=\"async\" src=\"https:\/\/www.dcs.ch\/wp-content\/uploads\/2020\/01\/Slide_recurtement_001.jpg\"\/><\/div><h3 style=\"color:#000;font-size:18px;line-height:24.12px\">Recruitment<\/h3><p style=\"color:#000;font-size:14px;line-height:24.22px\"> Starting of the permanent and temporary staffing departement in IT and administrative fields <\/p><\/div><\/div><div class=\"ctl-col-6\"><div class=\"story-time\"><div style=\"color:#000;font-size:18px\">In 1976<\/div><\/div><\/div><\/div><\/div><div class=\"timeline-content\"><div class=\"ctl-row\"><div class=\"ctl-col-6\"><div class=\"story-time\"><div style=\"color:#000;font-size:18px\">In 1978<\/div><\/div><\/div><div class=\"ctl-col-6\"><div class=\"story-details\"><div class=\"story-image\"><img decoding=\"async\" src=\"https:\/\/www.dcs.ch\/wp-content\/uploads\/2020\/01\/Fotolia_109440954_S.jpg\"\/><\/div><h3 style=\"color:#000;font-size:18px;line-height:24.12px\">Outsourcing<\/h3><p style=\"color:#000;font-size:14px;line-height:24.22px\">Between 1978 and 1999, DCS develops its core business service : the outsourcing. In particular the service desk, help desk and administrative support. <\/p><\/div><\/div><\/div><\/div><div class=\"timeline-content\"><div class=\"ctl-row\"><div class=\"ctl-col-6\"><div class=\"story-details\"><div class=\"story-image\"><img decoding=\"async\" src=\"https:\/\/www.dcs.ch\/wp-content\/uploads\/2020\/01\/7365097224_927954dd23_z.jpg\"\/><\/div><h3 style=\"color:#000;font-size:18px;line-height:24.12px\">Digitization<\/h3><p style=\"color:#000;font-size:14px;line-height:24.22px\"> DCS build a digitization workshop. The data entry is now a complementary service to help clients to manage their documents. <\/p><\/div><\/div><div class=\"ctl-col-6\"><div class=\"story-time\"><div style=\"color:#000;font-size:18px\">In 2000<\/div><\/div><\/div><\/div><\/div><div class=\"timeline-content\"><div class=\"ctl-row\"><div class=\"ctl-col-6\"><div class=\"story-time\"><div style=\"color:#000;font-size:18px\">In 2004<\/div><\/div><\/div><div class=\"ctl-col-6\"><div class=\"story-details\"><div class=\"story-image\"><img decoding=\"async\" src=\"https:\/\/www.dcs.ch\/wp-content\/uploads\/2020\/01\/eso-chili.png\"\/><\/div><h3 style=\"color:#000;font-size:18px;line-height:24.12px\">Contract with ESO in Chile<\/h3><p style=\"color:#000;font-size:14px;line-height:24.22px\">In 2004 DCS obtained its first contract with ESO in Germany and Chile. <\/p><\/div><\/div><\/div><\/div><div class=\"timeline-content\"><div class=\"ctl-row\"><div class=\"ctl-col-6\"><div class=\"story-details\"><div class=\"story-image\"><img decoding=\"async\" src=\"https:\/\/www.dcs.ch\/wp-content\/uploads\/2020\/01\/vue-bureau-chili.png\"\/><\/div><h3 style=\"color:#000;font-size:18px;line-height:24.12px\">South America<\/h3><p style=\"color:#000;font-size:14px;line-height:24.22px\"> DCS launches services in Chile where the company is active in the field of media and IT infrastructure and digitization projects. <\/p><\/div><\/div><div class=\"ctl-col-6\"><div class=\"story-time\"><div style=\"color:#000;font-size:18px\">From 2006<\/div><\/div><\/div><\/div><\/div><div class=\"timeline-content\"><div class=\"ctl-row\"><div class=\"ctl-col-6\"><div class=\"story-time\"><div style=\"color:#000;font-size:18px\">In 2010<\/div><\/div><\/div><div class=\"ctl-col-6\"><div class=\"story-details\"><div class=\"story-image\"><img decoding=\"async\" src=\"https:\/\/www.dcs.ch\/wp-content\/uploads\/2020\/01\/Fotolia_68459749_S.jpg\"\/><\/div><h3 style=\"color:#000;font-size:18px;line-height:24.12px\">IT Development<\/h3><p style=\"color:#000;font-size:14px;line-height:24.22px\">Since 2010, DCS has continued its local and international development, and welcomes new customers in its two favorite markets of South America and Switzerland. <\/p><\/div><\/div><\/div><\/div><div class=\"timeline-content\"><div class=\"ctl-row\"><div class=\"ctl-col-6\"><div class=\"story-details\"><div class=\"story-image\"><img decoding=\"async\" src=\"https:\/\/www.dcs.ch\/wp-content\/uploads\/2020\/06\/SSC_ISO9001.png\"\/><\/div><h3 style=\"color:#000;font-size:18px;line-height:24.12px\">ISO 9001 : 2015<\/h3><p style=\"color:#000;font-size:14px;line-height:24.22px\"> DCS successfully renews ISO 9001 \u2013 2015 To ensure its guests all the necessary transparency and its production process, DCS confirms its commitment with the ISO standard 9001 \u2013 2015. <\/p><\/div><\/div><div class=\"ctl-col-6\"><div class=\"story-time\"><div style=\"color:#000;font-size:18px\">From 2015<\/div><\/div><\/div><\/div><\/div><\/div><\/div>\n<\/div>\n\n\n\n<p><\/p>","protected":false},"excerpt":{"rendered":"<p>Data Conversion Service, votre partenaire. Data Conversion Service SA (DCS) est une soci\u00e9t\u00e9 de services bas\u00e9e \u00e0 Gen\u00e8ve, en Suisse depuis 1973. Cette entreprise genevoise est sp\u00e9cialis\u00e9e dans les prestations d\u2019outsourcing informatique et administratif depuis sa cr\u00e9ation et dans le recrutement de personnel fixe ou temporaire depuis 1976. Elle s\u2019est forg\u00e9e une grande exp\u00e9rience dans [&hellip;]<\/p>\n","protected":false},"author":11,"featured_media":0,"parent":0,"menu_order":0,"comment_status":"closed","ping_status":"closed","template":"","meta":{"inline_featured_image":false,"_exactmetrics_skip_tracking":false,"_exactmetrics_sitenote_active":false,"_exactmetrics_sitenote_note":"","_exactmetrics_sitenote_category":0,"site-sidebar-layout":"default","site-content-layout":"","ast-site-content-layout":"default","site-content-style":"default","site-sidebar-style":"default","ast-global-header-display":"","ast-banner-title-visibility":"","ast-main-header-display":"","ast-hfb-above-header-display":"","ast-hfb-below-header-display":"","ast-hfb-mobile-header-display":"","site-post-title":"","ast-breadcrumbs-content":"","ast-featured-img":"","footer-sml-layout":"","ast-disable-related-posts":"","theme-transparent-header-meta":"","adv-header-id-meta":"","stick-header-meta":"","header-above-stick-meta":"","header-main-stick-meta":"","header-below-stick-meta":"","astra-migrate-meta-layouts":"default","ast-page-background-enabled":"default","ast-page-background-meta":{"desktop":{"background-color":"var(--ast-global-color-4)","background-image":"","background-repeat":"repeat","background-position":"center center","background-size":"auto","background-attachment":"scroll","background-type":"","background-media":"","overlay-type":"","overlay-color":"","overlay-opacity":"","overlay-gradient":""},"tablet":{"background-color":"","background-image":"","background-repeat":"repeat","background-position":"center center","background-size":"auto","background-attachment":"scroll","background-type":"","background-media":"","overlay-type":"","overlay-color":"","overlay-opacity":"","overlay-gradient":""},"mobile":{"background-color":"","background-image":"","background-repeat":"repeat","background-position":"center center","background-size":"auto","background-attachment":"scroll","background-type":"","background-media":"","overlay-type":"","overlay-color":"","overlay-opacity":"","overlay-gradient":""}},"ast-content-background-meta":{"desktop":{"background-color":"var(--ast-global-color-5)","background-image":"","background-repeat":"repeat","background-position":"center center","background-size":"auto","background-attachment":"scroll","background-type":"","background-media":"","overlay-type":"","overlay-color":"","overlay-opacity":"","overlay-gradient":""},"tablet":{"background-color":"var(--ast-global-color-5)","background-image":"","background-repeat":"repeat","background-position":"center center","background-size":"auto","background-attachment":"scroll","background-type":"","background-media":"","overlay-type":"","overlay-color":"","overlay-opacity":"","overlay-gradient":""},"mobile":{"background-color":"var(--ast-global-color-5)","background-image":"","background-repeat":"repeat","background-position":"center center","background-size":"auto","background-attachment":"scroll","background-type":"","background-media":"","overlay-type":"","overlay-color":"","overlay-opacity":"","overlay-gradient":""}},"footnotes":""},"class_list":["post-4873","page","type-page","status-publish","hentry"],"_links":{"self":[{"href":"https:\/\/www.dcs.ch\/en\/wp-json\/wp\/v2\/pages\/4873","targetHints":{"allow":["GET"]}}],"collection":[{"href":"https:\/\/www.dcs.ch\/en\/wp-json\/wp\/v2\/pages"}],"about":[{"href":"https:\/\/www.dcs.ch\/en\/wp-json\/wp\/v2\/types\/page"}],"author":[{"embeddable":true,"href":"https:\/\/www.dcs.ch\/en\/wp-json\/wp\/v2\/users\/11"}],"replies":[{"embeddable":true,"href":"https:\/\/www.dcs.ch\/en\/wp-json\/wp\/v2\/comments?post=4873"}],"version-history":[{"count":0,"href":"https:\/\/www.dcs.ch\/en\/wp-json\/wp\/v2\/pages\/4873\/revisions"}],"wp:attachment":[{"href":"https:\/\/www.dcs.ch\/en\/wp-json\/wp\/v2\/media?parent=4873"}],"curies":[{"name":"wp","href":"https:\/\/api.w.org\/{rel}","templated":true}]}}