{"id":14134,"date":"2025-09-30T09:00:29","date_gmt":"2025-09-30T09:00:29","guid":{"rendered":"https:\/\/www.dcs.ch\/?page_id=14134"},"modified":"2025-10-08T14:13:05","modified_gmt":"2025-10-08T14:13:05","slug":"commande-produit","status":"publish","type":"page","link":"https:\/\/www.dcs.ch\/en\/commande-produit\/","title":{"rendered":"Commande produit"},"content":{"rendered":"\t\t<div data-elementor-type=\"wp-page\" data-elementor-id=\"14134\" class=\"elementor elementor-14134\" data-elementor-post-type=\"page\">\n\t\t\t\t<div class=\"elementor-element elementor-element-812de17 e-flex e-con-boxed e-con e-parent\" data-id=\"812de17\" data-element_type=\"container\" data-e-type=\"container\">\n\t\t\t\t\t<div class=\"e-con-inner\">\n\t\t\t\t<div class=\"elementor-element elementor-element-2a81e710 elementor-widget__width-initial elementor-widget elementor-widget-image\" data-id=\"2a81e710\" data-element_type=\"widget\" data-e-type=\"widget\" data-widget_type=\"image.default\">\n\t\t\t\t<div class=\"elementor-widget-container\">\n\t\t\t\t\t\t\t\t\t\t\t\t\t\t\t<img fetchpriority=\"high\" decoding=\"async\" width=\"990\" height=\"375\" src=\"https:\/\/www.dcs.ch\/wp-content\/uploads\/2025\/09\/Helveseek-Logo-F1-2025-09-26_15-47-30_195532.png\" class=\"attachment-large size-large wp-image-14740\" alt=\"\" srcset=\"https:\/\/www.dcs.ch\/wp-content\/uploads\/2025\/09\/Helveseek-Logo-F1-2025-09-26_15-47-30_195532.png 990w, https:\/\/www.dcs.ch\/wp-content\/uploads\/2025\/09\/Helveseek-Logo-F1-2025-09-26_15-47-30_195532-300x114.png 300w, https:\/\/www.dcs.ch\/wp-content\/uploads\/2025\/09\/Helveseek-Logo-F1-2025-09-26_15-47-30_195532-768x291.png 768w, https:\/\/www.dcs.ch\/wp-content\/uploads\/2025\/09\/Helveseek-Logo-F1-2025-09-26_15-47-30_195532-18x7.png 18w\" sizes=\"(max-width: 990px) 100vw, 990px\" \/>\t\t\t\t\t\t\t\t\t\t\t\t\t\t\t<\/div>\n\t\t\t\t<\/div>\n\t\t\t\t<div class=\"elementor-element elementor-element-b2f7130 elementor-widget elementor-widget-text-editor\" data-id=\"b2f7130\" data-element_type=\"widget\" data-e-type=\"widget\" data-widget_type=\"text-editor.default\">\n\t\t\t\t<div class=\"elementor-widget-container\">\n\t\t\t\t\t\t\t\t\t<p>Par mesure de s\u00e9curit\u00e9, lors de la commande, vous devez imp\u00e9rativement utiliser une adresse email du m\u00eame nom de domaine que votre site web. Dans le cas o\u00f9 vous seriez propri\u00e9taire de plusieurs noms de domaines, vous ne pouvez commander qu&rsquo;un seul audit \u00e0 la fois.<\/p>\t\t\t\t\t\t\t\t<\/div>\n\t\t\t\t<\/div>\n\t\t\t\t\t<\/div>\n\t\t\t\t<\/div>\n\t\t<div class=\"elementor-element elementor-element-bcf5d2f e-flex e-con-boxed e-con e-parent\" data-id=\"bcf5d2f\" data-element_type=\"container\" data-e-type=\"container\">\n\t\t\t\t\t<div class=\"e-con-inner\">\n\t\t\t\t<div class=\"elementor-element elementor-element-ebdec71 elementor-widget elementor-widget-shortcode\" data-id=\"ebdec71\" data-element_type=\"widget\" data-e-type=\"widget\" data-widget_type=\"shortcode.default\">\n\t\t\t\t<div class=\"elementor-widget-container\">\n\t\t\t\t\t\t\t<div class=\"elementor-shortcode\"><style>\n  .validation-form {\n    background: #f9f9f9;\n    padding: 25px;\n    border-radius: 8px;\n    border: 1px solid #eee;\n  }\n  .validation-form .checkbox-group {\n    margin-bottom: 20px;\n    display: block; \n  }\n  .validation-form label {\n    font-size: 16px;\n    line-height: 1.5;\n    display: inline;\n    margin-left: 10px;\n  }\n  .validation-form input[type=\"checkbox\"]{\n    width: 20px;\n    height: 20px;\n    vertical-align: middle;\n  }\n  .validation-form button {\n    background-color: #007bff; \n    color: white;\n    padding: 12px 25px;\n    border: none;\n    border-radius: 5px;\n    font-size: 18px;\n    font-weight: bold;\n    cursor: pointer;\n    width: 100%;\n    transition: background-color 0.3s;\n  }\n  .validation-form button:hover {\n    background-color: #0056b3; \n  }\n<\/style>\n\n<form class=\"validation-form\" action=\"https:\/\/buy.stripe.com\/test_9B69AVfngbUycIp5ojaAw00\">\n  \n  <div class=\"checkbox-group\">\n    <input type=\"checkbox\" id=\"cgv\" name=\"cgv\" required>\n    <label for=\"cgv\">\n      J'ai lu et j'accepte les <a href=\"https:\/\/www.dcs.ch\/fr\/cgv\/ target=\"_blank\">Conditions G\u00e9n\u00e9rales de Vente<\/a>.\n    <\/label>\n  <\/div>\n  \n  <div class=\"checkbox-group\">\n    <input type=\"checkbox\" id=\"donnees\" name=\"donnees\" required>\n    <label for=\"donnees\">\n      J'accepte que DCS utilise les informations fournies pour ex\u00e9cuter un audit de cybers\u00e9curit\u00e9 <\/a>.\n    <\/label>\n  <\/div>\n\n  <div class=\"checkbox-group\">\n    <input type=\"checkbox\" id=\"donnees\" name=\"donnees\" required>\n    <label for=\"donnees\">\n      J'ai compris que mon rapport d'audit sera envoy\u00e9 \u00e0 l'adresse email renseign\u00e9e au moment du paiement<\/a>.\n    <\/label>\n  <\/div>\n  \n  <button type=\"submit\">ACCEPTER ET CONTINUER<\/button>\n\n<\/form><\/div>\n\t\t\t\t\t\t<\/div>\n\t\t\t\t<\/div>\n\t\t\t\t\t<\/div>\n\t\t\t\t<\/div>\n\t\t<div class=\"elementor-element elementor-element-51b129ef e-flex e-con-boxed e-con e-parent\" data-id=\"51b129ef\" data-element_type=\"container\" data-e-type=\"container\" data-settings=\"{&quot;background_background&quot;:&quot;classic&quot;,&quot;background_motion_fx_translateY_effect&quot;:&quot;yes&quot;,&quot;background_motion_fx_translateY_speed&quot;:{&quot;unit&quot;:&quot;px&quot;,&quot;size&quot;:0.7,&quot;sizes&quot;:[]},&quot;background_motion_fx_blur_effect&quot;:&quot;yes&quot;,&quot;background_motion_fx_motion_fx_scrolling&quot;:&quot;yes&quot;,&quot;background_motion_fx_translateY_affectedRange&quot;:{&quot;unit&quot;:&quot;%&quot;,&quot;size&quot;:&quot;&quot;,&quot;sizes&quot;:{&quot;start&quot;:0,&quot;end&quot;:100}},&quot;background_motion_fx_blur_direction&quot;:&quot;out-in&quot;,&quot;background_motion_fx_blur_level&quot;:{&quot;unit&quot;:&quot;px&quot;,&quot;size&quot;:7,&quot;sizes&quot;:[]},&quot;background_motion_fx_blur_range&quot;:{&quot;unit&quot;:&quot;%&quot;,&quot;size&quot;:&quot;&quot;,&quot;sizes&quot;:{&quot;start&quot;:20,&quot;end&quot;:80}},&quot;background_motion_fx_devices&quot;:[&quot;desktop&quot;,&quot;tablet&quot;,&quot;mobile&quot;]}\">\n\t\t\t\t\t<div class=\"e-con-inner\">\n\t\t<div class=\"elementor-element elementor-element-778b7bbe e-flex e-con-boxed e-con e-child\" data-id=\"778b7bbe\" data-element_type=\"container\" data-e-type=\"container\">\n\t\t\t\t\t<div class=\"e-con-inner\">\n\t\t\t\t<div class=\"elementor-element elementor-element-147533fa elementor-widget elementor-widget-spacer\" data-id=\"147533fa\" data-element_type=\"widget\" data-e-type=\"widget\" data-widget_type=\"spacer.default\">\n\t\t\t\t<div class=\"elementor-widget-container\">\n\t\t\t\t\t\t\t<div class=\"elementor-spacer\">\n\t\t\t<div class=\"elementor-spacer-inner\"><\/div>\n\t\t<\/div>\n\t\t\t\t\t\t<\/div>\n\t\t\t\t<\/div>\n\t\t\t\t\t<\/div>\n\t\t\t\t<\/div>\n\t\t<div class=\"elementor-element elementor-element-62d0ebc1 e-con-full e-flex e-con e-child\" data-id=\"62d0ebc1\" data-element_type=\"container\" data-e-type=\"container\">\n\t\t\t\t<div class=\"elementor-element elementor-element-4d25a2f6 elementor-widget elementor-widget-image\" data-id=\"4d25a2f6\" data-element_type=\"widget\" data-e-type=\"widget\" data-widget_type=\"image.default\">\n\t\t\t\t<div class=\"elementor-widget-container\">\n\t\t\t\t\t\t\t\t\t\t\t\t\t\t\t<img decoding=\"async\" width=\"1024\" height=\"1024\" src=\"https:\/\/www.dcs.ch\/wp-content\/uploads\/2023\/10\/dcs-complete-logo-New-Fr-blanc-2023-10-12_11-21-46_273191.svg\" class=\"attachment-large size-large wp-image-10335\" alt=\"\" \/>\t\t\t\t\t\t\t\t\t\t\t\t\t\t\t<\/div>\n\t\t\t\t<\/div>\n\t\t\t\t<div class=\"elementor-element elementor-element-36e1f6b7 elementor-widget elementor-widget-heading\" data-id=\"36e1f6b7\" data-element_type=\"widget\" data-e-type=\"widget\" data-widget_type=\"heading.default\">\n\t\t\t\t<div class=\"elementor-widget-container\">\n\t\t\t\t\t<h4 class=\"elementor-heading-title elementor-size-default\">DATA CONVERSION SERVICE SA<\/h4>\t\t\t\t<\/div>\n\t\t\t\t<\/div>\n\t\t\t\t<div class=\"elementor-element elementor-element-6b058128 elementor-widget elementor-widget-text-editor\" data-id=\"6b058128\" data-element_type=\"widget\" data-e-type=\"widget\" data-widget_type=\"text-editor.default\">\n\t\t\t\t<div class=\"elementor-widget-container\">\n\t\t\t\t\t\t\t\t\t<p><span style=\"white-space-collapse: preserve;\">Rte de Chancy 48,<br \/>1213 Petit-Lancy, Suisse<br \/>info@dcs.ch<br \/>+41 22 320 75 10<br \/><\/span><a href=\"https:\/\/www.dcs.ch\/\"><span style=\"color: #ffffff;\">www.dcs.ch<\/span><\/a><\/p>\t\t\t\t\t\t\t\t<\/div>\n\t\t\t\t<\/div>\n\t\t\t\t<div class=\"elementor-element elementor-element-5b2e6ca1 elementor-hidden-desktop elementor-widget elementor-widget-heading\" data-id=\"5b2e6ca1\" data-element_type=\"widget\" data-e-type=\"widget\" data-widget_type=\"heading.default\">\n\t\t\t\t<div class=\"elementor-widget-container\">\n\t\t\t\t\t<h4 class=\"elementor-heading-title elementor-size-default\">SITE WEB<\/h4>\t\t\t\t<\/div>\n\t\t\t\t<\/div>\n\t\t\t\t<div class=\"elementor-element elementor-element-5cf1d95 elementor-hidden-desktop elementor-widget elementor-widget-text-editor\" data-id=\"5cf1d95\" data-element_type=\"widget\" data-e-type=\"widget\" data-widget_type=\"text-editor.default\">\n\t\t\t\t<div class=\"elementor-widget-container\">\n\t\t\t\t\t\t\t\t\t<p><a href=\"https:\/\/www.dcs.ch\/fr\/numerisation\/\"><span style=\"color: #ffffff;\"> Num\u00e9risation<\/span><\/a><br \/><a href=\"https:\/\/www.dcs.ch\/fr\/recrutement\/\"><span style=\"color: #ffffff;\">Recrutement<\/span><\/a><\/p>\t\t\t\t\t\t\t\t<\/div>\n\t\t\t\t<\/div>\n\t\t\t\t<\/div>\n\t\t<div class=\"elementor-element elementor-element-4856412d e-con-full e-flex e-con e-child\" data-id=\"4856412d\" data-element_type=\"container\" data-e-type=\"container\">\n\t\t\t\t<div class=\"elementor-element elementor-element-3ed426e3 elementor-hidden-tablet elementor-hidden-mobile elementor-widget elementor-widget-spacer\" data-id=\"3ed426e3\" data-element_type=\"widget\" data-e-type=\"widget\" data-widget_type=\"spacer.default\">\n\t\t\t\t<div class=\"elementor-widget-container\">\n\t\t\t\t\t\t\t<div class=\"elementor-spacer\">\n\t\t\t<div class=\"elementor-spacer-inner\"><\/div>\n\t\t<\/div>\n\t\t\t\t\t\t<\/div>\n\t\t\t\t<\/div>\n\t\t\t\t<div class=\"elementor-element elementor-element-2d12bc2e elementor-hidden-tablet elementor-hidden-mobile elementor-widget elementor-widget-heading\" data-id=\"2d12bc2e\" data-element_type=\"widget\" data-e-type=\"widget\" data-widget_type=\"heading.default\">\n\t\t\t\t<div class=\"elementor-widget-container\">\n\t\t\t\t\t<h4 class=\"elementor-heading-title elementor-size-default\">SITE WEB<\/h4>\t\t\t\t<\/div>\n\t\t\t\t<\/div>\n\t\t\t\t<div class=\"elementor-element elementor-element-4d84a5d1 elementor-hidden-tablet elementor-hidden-mobile elementor-widget elementor-widget-text-editor\" data-id=\"4d84a5d1\" data-element_type=\"widget\" data-e-type=\"widget\" data-widget_type=\"text-editor.default\">\n\t\t\t\t<div class=\"elementor-widget-container\">\n\t\t\t\t\t\t\t\t\t<p><a href=\"https:\/\/www.dcs.ch\/fr\/numerisation\/\"><span style=\"color: #ffffff;\"> Num\u00e9risation<\/span><\/a><br \/><a href=\"https:\/\/www.dcs.ch\/fr\/recrutement\/\"><span style=\"color: #ffffff;\">Recrutement<\/span><\/a><\/p>\t\t\t\t\t\t\t\t<\/div>\n\t\t\t\t<\/div>\n\t\t\t\t<\/div>\n\t\t\t\t\t<\/div>\n\t\t\t\t<\/div>\n\t\t<div class=\"elementor-element elementor-element-719d89b e-flex e-con-boxed e-con e-parent\" data-id=\"719d89b\" data-element_type=\"container\" data-e-type=\"container\">\n\t\t\t\t\t<div class=\"e-con-inner\">\n\t\t\t\t\t<\/div>\n\t\t\t\t<\/div>\n\t\t\t\t<\/div>\n\t\t","protected":false},"excerpt":{"rendered":"<p>Par mesure de s\u00e9curit\u00e9, lors de la commande, vous devez imp\u00e9rativement utiliser une adresse email du m\u00eame nom de domaine que votre site web. Dans le cas o\u00f9 vous seriez propri\u00e9taire de plusieurs noms de domaines, vous ne pouvez commander qu&rsquo;un seul audit \u00e0 la fois. J&rsquo;ai lu et j&rsquo;accepte les<\/p>","protected":false},"author":15,"featured_media":0,"parent":0,"menu_order":0,"comment_status":"closed","ping_status":"closed","template":"elementor_canvas","meta":{"inline_featured_image":false,"_exactmetrics_skip_tracking":false,"_exactmetrics_sitenote_active":false,"_exactmetrics_sitenote_note":"","_exactmetrics_sitenote_category":0,"site-sidebar-layout":"no-sidebar","site-content-layout":"","ast-site-content-layout":"full-width-container","site-content-style":"default","site-sidebar-style":"default","ast-global-header-display":"","ast-banner-title-visibility":"","ast-main-header-display":"","ast-hfb-above-header-display":"","ast-hfb-below-header-display":"","ast-hfb-mobile-header-display":"","site-post-title":"disabled","ast-breadcrumbs-content":"","ast-featured-img":"disabled","footer-sml-layout":"","ast-disable-related-posts":"","theme-transparent-header-meta":"","adv-header-id-meta":"","stick-header-meta":"","header-above-stick-meta":"","header-main-stick-meta":"","header-below-stick-meta":"","astra-migrate-meta-layouts":"default","ast-page-background-enabled":"default","ast-page-background-meta":{"desktop":{"background-color":"var(--ast-global-color-4)","background-image":"","background-repeat":"repeat","background-position":"center center","background-size":"auto","background-attachment":"scroll","background-type":"","background-media":"","overlay-type":"","overlay-color":"","overlay-opacity":"","overlay-gradient":""},"tablet":{"background-color":"","background-image":"","background-repeat":"repeat","background-position":"center center","background-size":"auto","background-attachment":"scroll","background-type":"","background-media":"","overlay-type":"","overlay-color":"","overlay-opacity":"","overlay-gradient":""},"mobile":{"background-color":"","background-image":"","background-repeat":"repeat","background-position":"center center","background-size":"auto","background-attachment":"scroll","background-type":"","background-media":"","overlay-type":"","overlay-color":"","overlay-opacity":"","overlay-gradient":""}},"ast-content-background-meta":{"desktop":{"background-color":"var(--ast-global-color-5)","background-image":"","background-repeat":"repeat","background-position":"center center","background-size":"auto","background-attachment":"scroll","background-type":"","background-media":"","overlay-type":"","overlay-color":"","overlay-opacity":"","overlay-gradient":""},"tablet":{"background-color":"var(--ast-global-color-5)","background-image":"","background-repeat":"repeat","background-position":"center center","background-size":"auto","background-attachment":"scroll","background-type":"","background-media":"","overlay-type":"","overlay-color":"","overlay-opacity":"","overlay-gradient":""},"mobile":{"background-color":"var(--ast-global-color-5)","background-image":"","background-repeat":"repeat","background-position":"center center","background-size":"auto","background-attachment":"scroll","background-type":"","background-media":"","overlay-type":"","overlay-color":"","overlay-opacity":"","overlay-gradient":""}},"footnotes":""},"class_list":["post-14134","page","type-page","status-publish","hentry"],"_links":{"self":[{"href":"https:\/\/www.dcs.ch\/en\/wp-json\/wp\/v2\/pages\/14134","targetHints":{"allow":["GET"]}}],"collection":[{"href":"https:\/\/www.dcs.ch\/en\/wp-json\/wp\/v2\/pages"}],"about":[{"href":"https:\/\/www.dcs.ch\/en\/wp-json\/wp\/v2\/types\/page"}],"author":[{"embeddable":true,"href":"https:\/\/www.dcs.ch\/en\/wp-json\/wp\/v2\/users\/15"}],"replies":[{"embeddable":true,"href":"https:\/\/www.dcs.ch\/en\/wp-json\/wp\/v2\/comments?post=14134"}],"version-history":[{"count":68,"href":"https:\/\/www.dcs.ch\/en\/wp-json\/wp\/v2\/pages\/14134\/revisions"}],"predecessor-version":[{"id":14840,"href":"https:\/\/www.dcs.ch\/en\/wp-json\/wp\/v2\/pages\/14134\/revisions\/14840"}],"wp:attachment":[{"href":"https:\/\/www.dcs.ch\/en\/wp-json\/wp\/v2\/media?parent=14134"}],"curies":[{"name":"wp","href":"https:\/\/api.w.org\/{rel}","templated":true}]}}