{"id":11717,"date":"2023-11-20T17:18:28","date_gmt":"2023-11-20T17:18:28","guid":{"rendered":"https:\/\/www.dcs.ch\/?page_id=11717"},"modified":"2023-12-07T10:58:40","modified_gmt":"2023-12-07T10:58:40","slug":"cgv","status":"publish","type":"page","link":"https:\/\/www.dcs.ch\/en\/cgv\/","title":{"rendered":"Terms of Sales"},"content":{"rendered":"<div data-elementor-type=\"wp-page\" data-elementor-id=\"11717\" class=\"elementor elementor-11717\" data-elementor-post-type=\"page\">\n\t\t\t\t<div class=\"elementor-element elementor-element-b20fbe1 e-flex e-con-boxed e-con e-parent\" data-id=\"b20fbe1\" data-element_type=\"container\" data-e-type=\"container\">\n\t\t\t\t\t<div class=\"e-con-inner\">\n\t\t\t\t<div class=\"elementor-element elementor-element-e17408e elementor-widget elementor-widget-heading\" data-id=\"e17408e\" data-element_type=\"widget\" data-e-type=\"widget\" data-widget_type=\"heading.default\">\n\t\t\t\t<div class=\"elementor-widget-container\">\n\t\t\t\t\t<h2 class=\"elementor-heading-title elementor-size-default\">GENERAL CONDITIONS OF SALE\n<\/h2>\t\t\t\t<\/div>\n\t\t\t\t<\/div>\n\t\t\t\t\t<\/div>\n\t\t\t\t<\/div>\n\t\t<div class=\"elementor-element elementor-element-4ac4e06 e-flex e-con-boxed e-con e-parent\" data-id=\"4ac4e06\" data-element_type=\"container\" data-e-type=\"container\">\n\t\t\t\t\t<div class=\"e-con-inner\">\n\t\t\t\t<div class=\"elementor-element elementor-element-1d8e115 elementor-widget__width-inherit elementor-widget elementor-widget-text-editor\" data-id=\"1d8e115\" data-element_type=\"widget\" data-e-type=\"widget\" data-widget_type=\"text-editor.default\">\n\t\t\t\t<div class=\"elementor-widget-container\">\n\t\t\t\t\t\t\t\t\t<div class=\"content\"><div class=\"container\"><div class=\"row\"><div id=\"primary\" class=\"col-12 _mPS2id-t mPS2id-target mPS2id-target-first mPS2id-target-last\"><article id=\"post-6053\" class=\"post-6053 page type-page status-publish hentry\"><div class=\"post-content\"><h4 class=\"wp-block-heading\">D\u00e9finitions.<\/h4><p><strong><em>Terms of Sales<\/em>\u00a0<\/strong>: General conditions of sale<\/p><p><strong><em>DCS\u00a0<\/em><\/strong>: Data Conversion Service SA. Services company, based in Switzerland, in Geneva at 48, route de Chancy - 1213 Petit-Lancy<\/p><p><em><strong>Tiers\u00a0<\/strong>:<\/em>\u00a0Toute personne physique ou morale pouvant \u00eatre amen\u00e9e \u00e0 collaborer avec DCS.<\/p><p><strong><em>Client<\/em>\u00a0<\/strong>Physical or legal person or operator using a service deployed by DCS<\/p><p><strong><em>Contrat<\/em>\u00a0<\/strong>: DCS and the customer are brought to agree on a specific contract which supplements, extends or limits the general conditions of sale.<\/p><p>\u00a0<\/p><h4 class=\"wp-block-heading\">ARTICLE - 1. OBJECT &amp; DEFINITIONS<\/h4><p>These general conditions are intended to manage the commercial relations between Data Conversion Service SA and its customers in the following areas :<\/p><ul><li><ul><li>IT and administrative outsourcing, services, outsourcing, service desk. Data processing, digitization, data entry.<\/li><li>Recruitment of IT and administrative staff, permanent and temporary placement, staff delegation, payrolling, staff placement in Switzerland.<\/li><\/ul><\/li><\/ul><p>This document governs the general conditions, but particular conditions may supplement the legal provisions of the offers, limit or supplement these CGV (see specific clauses in the contracts between DCS and the customer).<\/p><p>\u00a0<\/p><h4 class=\"wp-block-heading\">ARTICLE - 2. SERVICE DESK - INFOGERANCE - ADMINISTRATIVE AND IT OUTSOURCING - STAFF DELEGATION - STAFF PLACEMENT<\/h4><p><strong>a. Description<\/strong><\/p><p>DCS fournit \u00e0 ses clients des services d\u2019externalisation dans les domaines administratifs et informatiques. Le client et DCS s\u2019entendent sur un niveau de prestation de service \u2013 SLA \u2013 et signent un accord contractuel qui comprend des clauses sp\u00e9cifiques.<\/p><p><strong>b. Duration<\/strong><\/p><p>The start dates and the deadlines for performing the services are stipulated in the specific contract.<\/p><p><strong>c. Fees<\/strong><\/p><p>The fees and costs of the services are indicated in the specific contract and are required to be validated by the client's signature. All prices are in Swiss francs, excluding VAT and other similar indirect taxes. VAT is borne by the customer. Unless otherwise specified, DCS address an invoice at the end of each month and the customer's payment must be made 30 days following the invoice date. In the event of late payment DCS is entitled to apply late payment penalties at the legal rate in force.<\/p><p><strong>d. Commitment of resources<\/strong><\/p><p>DCS is committed to make every effort to fulfill its mission and offer the customer the best quality service. DCS is committed to an obligation of human and technical resources for the realization of its services.<\/p><p><strong>e. Termination<\/strong><\/p><p>Unless otherwise provided, all contracts are deemed to be active and are concluded for an agreed period renewable by tacit agreement. The customer or DCS can terminate the contract by giving three months notice. If one of the parties terminates it must do so by registered letter.<\/p><p><strong>f. Acceptance<\/strong><\/p><p>Unless otherwise specified, the services provided by DCS are deemed to be accepted and accepted after their completion. However, the customer may make a complaint no later than 15 days after completion of the service concerning the quality of service, failing which the services will be definitively accepted and will no longer be subject to dispute.<\/p><p>\u00a0<\/p><h4 class=\"wp-block-heading\">ARTICLE \u2013 3. R\u00c9VISION DE PRIX<\/h4><p>Le prix sera r\u00e9vis\u00e9 chaque ann\u00e9e, sur la base de l\u2019indice des prix \u00e0 la consommation dans le Canton de Gen\u00e8ve, en cas d\u2019augmentation de ce dernier.<\/p><p>\u00a0<\/p><h4 class=\"wp-block-heading\">ARTICLE \u2013 4. CONFIDENTIALITE, SECRET PROFESSIONNEL<\/h4><p>DCS et le client s\u2019engagent \u00e0 ne divulguer aucune information confidentielle concernant l\u2019autre partie. DCS s\u2019engage \u00e0 respecter les donn\u00e9es confidentielles dans le cadre de sa mission chez le client.<\/p><p>DCS and its staff consider confidential all information they may have to know as a result of the work carried out on behalf of the client and undertake not to disclose to third parties the content of the information they process or from which they have taken knowledge of their activities for the client.<\/p><p>\u00a0<\/p><h4 class=\"wp-block-heading\">ARTICLE \u2013 5. PROPRIETE INTELLECTUELLE<\/h4><p>All intellectual property rights on developments or on the results of work carried out under a contract, whether or not in collaboration with the client's employees, remain the exclusive property of the client after payment of invoices.<\/p><p>\u00a0<\/p><h4 class=\"wp-block-heading\">ARTICLE \u2013 6. REFERENCES<\/h4><p>DCS authorizes the customer to use their name and logo in their reference list.<\/p><p>Sauf disposition contraire \u00e9manant express\u00e9ment du client, celui-ci autorise DCS \u00e0 utiliser son nom et son logo dans sa liste de r\u00e9f\u00e9rence et sur son site web (rubrique partenaires).<\/p><p>\u00a0<\/p><h4 class=\"wp-block-heading\">ARTICLE \u2013 7. FOR ET DROIT APPLICABLE<\/h4><p>This contract is subject exclusively to Swiss law. The place of jurisdiction is located in Geneva in the canton of Geneva.<\/p><p>\u00a0<\/p><\/div><\/article><\/div><\/div><\/div><\/div><footer class=\"footer\" role=\"contentinfo\"><div class=\"container\"><div class=\"footer-widgets\"><div class=\"row\"><div class=\"col-sm-12 col-md-6 col-xl-3\"><div id=\"widget-box-contact-info-widget-3\" class=\"widget widget-box widget-box-contact-info\"><div class=\"widget-content\"><div class=\"widget-before-title\">\u00a0<\/div><\/div><\/div><\/div><\/div><\/div><\/div><\/footer>\t\t\t\t\t\t\t\t<\/div>\n\t\t\t\t<\/div>\n\t\t\t\t\t<\/div>\n\t\t\t\t<\/div>\n\t\t\t\t<\/div>","protected":false},"excerpt":{"rendered":"<p>CONDITIONS GENERALES DE VENTE D\u00e9finitions. CGV\u00a0: Conditions g\u00e9n\u00e9rales de vente DCS\u00a0: Data Conversion Service SA. Soci\u00e9t\u00e9 de prestations de services, bas\u00e9e en Suisse, \u00e0 Gen\u00e8ve au 48, route de Chancy \u2013 1213 Petit-Lancy Tiers\u00a0:\u00a0Toute personne physique ou morale pouvant \u00eatre amen\u00e9e \u00e0 collaborer avec DCS. Client\u00a0: Personne physique ou morale exploitant ou utilisant un service [&hellip;]<\/p>\n","protected":false},"author":16,"featured_media":0,"parent":0,"menu_order":0,"comment_status":"closed","ping_status":"closed","template":"elementor_header_footer","meta":{"inline_featured_image":false,"_exactmetrics_skip_tracking":false,"_exactmetrics_sitenote_active":false,"_exactmetrics_sitenote_note":"","_exactmetrics_sitenote_category":0,"site-sidebar-layout":"default","site-content-layout":"","ast-site-content-layout":"default","site-content-style":"default","site-sidebar-style":"default","ast-global-header-display":"","ast-banner-title-visibility":"","ast-main-header-display":"","ast-hfb-above-header-display":"","ast-hfb-below-header-display":"","ast-hfb-mobile-header-display":"","site-post-title":"","ast-breadcrumbs-content":"","ast-featured-img":"","footer-sml-layout":"","ast-disable-related-posts":"","theme-transparent-header-meta":"","adv-header-id-meta":"","stick-header-meta":"","header-above-stick-meta":"","header-main-stick-meta":"","header-below-stick-meta":"","astra-migrate-meta-layouts":"default","ast-page-background-enabled":"default","ast-page-background-meta":{"desktop":{"background-color":"var(--ast-global-color-4)","background-image":"","background-repeat":"repeat","background-position":"center center","background-size":"auto","background-attachment":"scroll","background-type":"","background-media":"","overlay-type":"","overlay-color":"","overlay-opacity":"","overlay-gradient":""},"tablet":{"background-color":"","background-image":"","background-repeat":"repeat","background-position":"center center","background-size":"auto","background-attachment":"scroll","background-type":"","background-media":"","overlay-type":"","overlay-color":"","overlay-opacity":"","overlay-gradient":""},"mobile":{"background-color":"","background-image":"","background-repeat":"repeat","background-position":"center center","background-size":"auto","background-attachment":"scroll","background-type":"","background-media":"","overlay-type":"","overlay-color":"","overlay-opacity":"","overlay-gradient":""}},"ast-content-background-meta":{"desktop":{"background-color":"var(--ast-global-color-5)","background-image":"","background-repeat":"repeat","background-position":"center center","background-size":"auto","background-attachment":"scroll","background-type":"","background-media":"","overlay-type":"","overlay-color":"","overlay-opacity":"","overlay-gradient":""},"tablet":{"background-color":"var(--ast-global-color-5)","background-image":"","background-repeat":"repeat","background-position":"center center","background-size":"auto","background-attachment":"scroll","background-type":"","background-media":"","overlay-type":"","overlay-color":"","overlay-opacity":"","overlay-gradient":""},"mobile":{"background-color":"var(--ast-global-color-5)","background-image":"","background-repeat":"repeat","background-position":"center center","background-size":"auto","background-attachment":"scroll","background-type":"","background-media":"","overlay-type":"","overlay-color":"","overlay-opacity":"","overlay-gradient":""}},"footnotes":""},"class_list":["post-11717","page","type-page","status-publish","hentry"],"_links":{"self":[{"href":"https:\/\/www.dcs.ch\/en\/wp-json\/wp\/v2\/pages\/11717","targetHints":{"allow":["GET"]}}],"collection":[{"href":"https:\/\/www.dcs.ch\/en\/wp-json\/wp\/v2\/pages"}],"about":[{"href":"https:\/\/www.dcs.ch\/en\/wp-json\/wp\/v2\/types\/page"}],"author":[{"embeddable":true,"href":"https:\/\/www.dcs.ch\/en\/wp-json\/wp\/v2\/users\/16"}],"replies":[{"embeddable":true,"href":"https:\/\/www.dcs.ch\/en\/wp-json\/wp\/v2\/comments?post=11717"}],"version-history":[{"count":4,"href":"https:\/\/www.dcs.ch\/en\/wp-json\/wp\/v2\/pages\/11717\/revisions"}],"predecessor-version":[{"id":11722,"href":"https:\/\/www.dcs.ch\/en\/wp-json\/wp\/v2\/pages\/11717\/revisions\/11722"}],"wp:attachment":[{"href":"https:\/\/www.dcs.ch\/en\/wp-json\/wp\/v2\/media?parent=11717"}],"curies":[{"name":"wp","href":"https:\/\/api.w.org\/{rel}","templated":true}]}}