{"id":11711,"date":"2023-11-20T17:15:17","date_gmt":"2023-11-20T17:15:17","guid":{"rendered":"https:\/\/www.dcs.ch\/?page_id=11711"},"modified":"2023-12-07T11:45:30","modified_gmt":"2023-12-07T11:45:30","slug":"mentions-legales","status":"publish","type":"page","link":"https:\/\/www.dcs.ch\/en\/mentions-legales\/","title":{"rendered":"Legal"},"content":{"rendered":"<div data-elementor-type=\"wp-page\" data-elementor-id=\"11711\" class=\"elementor elementor-11711\" data-elementor-post-type=\"page\">\n\t\t\t\t<div class=\"elementor-element elementor-element-b20fbe1 e-flex e-con-boxed e-con e-parent\" data-id=\"b20fbe1\" data-element_type=\"container\" data-e-type=\"container\">\n\t\t\t\t\t<div class=\"e-con-inner\">\n\t\t\t\t<div class=\"elementor-element elementor-element-e17408e elementor-widget elementor-widget-heading\" data-id=\"e17408e\" data-element_type=\"widget\" data-e-type=\"widget\" data-widget_type=\"heading.default\">\n\t\t\t\t<div class=\"elementor-widget-container\">\n\t\t\t\t\t<h2 class=\"elementor-heading-title elementor-size-default\">LEGAL NOTICES<\/h2>\t\t\t\t<\/div>\n\t\t\t\t<\/div>\n\t\t\t\t\t<\/div>\n\t\t\t\t<\/div>\n\t\t<div class=\"elementor-element elementor-element-4ac4e06 e-flex e-con-boxed e-con e-parent\" data-id=\"4ac4e06\" data-element_type=\"container\" data-e-type=\"container\">\n\t\t\t\t\t<div class=\"e-con-inner\">\n\t\t\t\t<div class=\"elementor-element elementor-element-1d8e115 elementor-widget__width-inherit elementor-widget elementor-widget-text-editor\" data-id=\"1d8e115\" data-element_type=\"widget\" data-e-type=\"widget\" data-widget_type=\"text-editor.default\">\n\t\t\t\t<div class=\"elementor-widget-container\">\n\t\t\t\t\t\t\t\t\t<h3 class=\"wp-block-heading\">Hosting<\/h3><p>Ce site est h\u00e9berg\u00e9 par Data Conversion Service SA \u00e0 l\u2019adresse suivante :\u00a0 Route de Chancy 48 \u2013 1213 Petit-Lancy<\/p><h3 class=\"wp-block-heading\">Person of contact<\/h3><p>Responsable technique concernant le site : Thierry Mourao \u2013 thierry.mourao@dcs.ch<br \/>Technical Relation CTO : Xavier Huon \u2013 xavier.huon[at]dcs.ch<br \/>Candidatures spontan\u00e9es : cv-cv@dcs.ch<\/p><h3 class=\"wp-block-heading\">Privacy &amp; Data protection<\/h3><p>As a specialists of data processing, DATA CONVERSION SERVICE SA pays particular attention to the protection of personal data. We do not collect data about visitors except email addresses voluntarily provided by the visitor (space newsletter, contact request or other call to leave contact details) and with the exception of information from the referrer technologies to address IP or cookies.<br \/>The personal information we collect are used for internal information regarding our services and are designed to provide a more personalized monitoring of our communications in compliance with national provisions on data protection.<\/p><p>We provide all the privacy of CVs submitted by the candidates and send no personal information to third parties without the agreement of the candidates.<\/p><h3 class=\"wp-block-heading\">Intellectual property<\/h3><p>All information and content published on this site (text, images, videos, graphics, animations) are the property of Data Conversion Service SA and can not be reused. The articles published on the blog can still be shared on social networks.<br \/>Published visuals, when they are not the property of Data Conversion Service, are covered by the legislation on copyright.<br \/>Data Conversion Service SA reserves the right to update its website and its contents without limitation.<\/p><p>Photo credits :<\/p><p>@Fotolia<\/p><p>@Data Conversion Service Sa<\/p><p>@CERN<\/p>\t\t\t\t\t\t\t\t<\/div>\n\t\t\t\t<\/div>\n\t\t\t\t\t<\/div>\n\t\t\t\t<\/div>\n\t\t\t\t<\/div>","protected":false},"excerpt":{"rendered":"<p>MENTIONS L\u00c9GALES H\u00e9bergement Ce site est h\u00e9berg\u00e9 par Data Conversion Service SA \u00e0 l\u2019adresse suivante :\u00a0 Route de Chancy 48 \u2013 1213 Petit-Lancy Responsables Responsable technique concernant le site : Thierry Mourao \u2013 thierry.mourao@dcs.chRelation Technique CTO : Xavier Huon \u2013 xavier.huon@dcs.chCandidatures spontan\u00e9es : cv-cv@dcs.ch Confidentialit\u00e9 &amp; protections des donn\u00e9es En tant que sp\u00e9cialistes des donn\u00e9es [&hellip;]<\/p>\n","protected":false},"author":16,"featured_media":0,"parent":0,"menu_order":0,"comment_status":"closed","ping_status":"closed","template":"elementor_header_footer","meta":{"inline_featured_image":false,"_exactmetrics_skip_tracking":false,"_exactmetrics_sitenote_active":false,"_exactmetrics_sitenote_note":"","_exactmetrics_sitenote_category":0,"site-sidebar-layout":"default","site-content-layout":"","ast-site-content-layout":"default","site-content-style":"default","site-sidebar-style":"default","ast-global-header-display":"","ast-banner-title-visibility":"","ast-main-header-display":"","ast-hfb-above-header-display":"","ast-hfb-below-header-display":"","ast-hfb-mobile-header-display":"","site-post-title":"","ast-breadcrumbs-content":"","ast-featured-img":"","footer-sml-layout":"","ast-disable-related-posts":"","theme-transparent-header-meta":"","adv-header-id-meta":"","stick-header-meta":"","header-above-stick-meta":"","header-main-stick-meta":"","header-below-stick-meta":"","astra-migrate-meta-layouts":"default","ast-page-background-enabled":"default","ast-page-background-meta":{"desktop":{"background-color":"var(--ast-global-color-4)","background-image":"","background-repeat":"repeat","background-position":"center center","background-size":"auto","background-attachment":"scroll","background-type":"","background-media":"","overlay-type":"","overlay-color":"","overlay-opacity":"","overlay-gradient":""},"tablet":{"background-color":"","background-image":"","background-repeat":"repeat","background-position":"center center","background-size":"auto","background-attachment":"scroll","background-type":"","background-media":"","overlay-type":"","overlay-color":"","overlay-opacity":"","overlay-gradient":""},"mobile":{"background-color":"","background-image":"","background-repeat":"repeat","background-position":"center center","background-size":"auto","background-attachment":"scroll","background-type":"","background-media":"","overlay-type":"","overlay-color":"","overlay-opacity":"","overlay-gradient":""}},"ast-content-background-meta":{"desktop":{"background-color":"var(--ast-global-color-5)","background-image":"","background-repeat":"repeat","background-position":"center center","background-size":"auto","background-attachment":"scroll","background-type":"","background-media":"","overlay-type":"","overlay-color":"","overlay-opacity":"","overlay-gradient":""},"tablet":{"background-color":"var(--ast-global-color-5)","background-image":"","background-repeat":"repeat","background-position":"center center","background-size":"auto","background-attachment":"scroll","background-type":"","background-media":"","overlay-type":"","overlay-color":"","overlay-opacity":"","overlay-gradient":""},"mobile":{"background-color":"var(--ast-global-color-5)","background-image":"","background-repeat":"repeat","background-position":"center center","background-size":"auto","background-attachment":"scroll","background-type":"","background-media":"","overlay-type":"","overlay-color":"","overlay-opacity":"","overlay-gradient":""}},"footnotes":""},"class_list":["post-11711","page","type-page","status-publish","hentry"],"_links":{"self":[{"href":"https:\/\/www.dcs.ch\/en\/wp-json\/wp\/v2\/pages\/11711","targetHints":{"allow":["GET"]}}],"collection":[{"href":"https:\/\/www.dcs.ch\/en\/wp-json\/wp\/v2\/pages"}],"about":[{"href":"https:\/\/www.dcs.ch\/en\/wp-json\/wp\/v2\/types\/page"}],"author":[{"embeddable":true,"href":"https:\/\/www.dcs.ch\/en\/wp-json\/wp\/v2\/users\/16"}],"replies":[{"embeddable":true,"href":"https:\/\/www.dcs.ch\/en\/wp-json\/wp\/v2\/comments?post=11711"}],"version-history":[{"count":7,"href":"https:\/\/www.dcs.ch\/en\/wp-json\/wp\/v2\/pages\/11711\/revisions"}],"predecessor-version":[{"id":12481,"href":"https:\/\/www.dcs.ch\/en\/wp-json\/wp\/v2\/pages\/11711\/revisions\/12481"}],"wp:attachment":[{"href":"https:\/\/www.dcs.ch\/en\/wp-json\/wp\/v2\/media?parent=11711"}],"curies":[{"name":"wp","href":"https:\/\/api.w.org\/{rel}","templated":true}]}}